{"id":1402,"date":"2021-02-10T17:53:33","date_gmt":"2021-02-10T15:53:33","guid":{"rendered":"https:\/\/aeglanehetk.ee\/toode\/1402\/"},"modified":"2025-09-28T17:33:04","modified_gmt":"2025-09-28T14:33:04","slug":"honey-from-coastal-meadows-bogs-forest-500g","status":"publish","type":"product","link":"https:\/\/aeglanehetk.ee\/en\/product\/honey-from-coastal-meadows-bogs-forest-500g\/","title":{"rendered":"Honey from coastal meadows, bogs and forest 500 g"},"content":{"rendered":"<p>Slow Moment honey from coastal meadows, bogs and forest 500 g is harvested from the<strong> Kastna Peninsula, the forests of J\u00e4\u00e4rumetsa, and the bogs of T\u00f5hela and N\u00e4tsi-V\u00f5lla in P\u00e4rnumaa County<\/strong>. Spring honey is lighter, mainly collected from maple, willow, dandelion, alder buckthorn, and fruit trees. Summer honey is darker, sourced mainly from clover, blueberry, cranberry, raspberry plants, and meadowsweet.<\/p>\n<p>The 500g jar is perfect for families where honey is in everyday use.<\/p>\n<p>Honey in the jar can come in three consistencies, and you can choose your preference: liquid, crystallized, or creamy. <strong>Liquid<\/strong> honey is fresh from extraction or melted for packaging, allowing for transfer from larger storage containers to smaller ones. <strong>Crystallization<\/strong> is typical for Estonian honey, generally occurring within one to three months, so if you prefer liquid honey, you should buy it in smaller quantities and consume it quickly. The rate of crystallization mainly depends on the source plants and their nectar ratios. For example, buckthorn nectar doesn&#8217;t crystallize, but since buckthorn nectar is not the sole component in typical Estonian multifloral honey, the honey containing buckthorn will eventually crystallize, albeit over a longer period. The rate of crystallization also depends on storage conditions, with honey crystallizing fastest in cool conditions. <strong>Creamy<\/strong> honey is achieved through slow mixing in a special honey mixing machine during crystallization, preventing the formation of large crystals while retaining the beneficial properties of honey, making it pleasantly soft and easy to use.<\/p>\n<p>Honey is always available from <strong>the self-service hive<\/strong> located at the entrance to Tormikadaka farm. Honey can also be <strong>ordered to a self-service hive in N\u00f5mme, Tallinn,<\/strong> from September to May. Delivery within Tallinn and the T\u00f5stamaa subdistrict is free for orders over 25 euros. For other parts of Estonia, honey is sent to parcel machines, thus adding a shipping cost to the price of honey.<\/p>\n<div id=\"gtx-trans\" style=\"position: absolute; left: 603px; top: 638px;\">\n<div class=\"gtx-trans-icon\"><\/div>\n<\/div>\n","protected":false},"excerpt":{"rendered":"<p>Honey from coastal meadows, bogs and forest 500 g is harvested from the Kastna Peninsula, the forests of J\u00e4\u00e4rumetsa, and the bogs of T\u00f5hela and N\u00e4tsi-V\u00f5lla.<\/p>\n","protected":false},"featured_media":445,"template":"","meta":[],"product_brand":[],"product_cat":[177],"product_tag":[123,146,125],"class_list":{"0":"post-1402","1":"product","2":"type-product","3":"status-publish","4":"has-post-thumbnail","6":"product_cat-honey","7":"product_tag-estonia","8":"product_tag-honey","9":"product_tag-parnu-county","11":"first","12":"outofstock","13":"shipping-taxable","14":"purchasable","15":"product-type-variable"},"yoast_head":"<!-- This site is optimized with the Yoast SEO plugin v27.3 - https:\/\/yoast.com\/product\/yoast-seo-wordpress\/ -->\n<title>Honey from coastal meadows, bogs and forest in P\u00e4rnu County<\/title>\n<meta name=\"description\" content=\"Honey from coastal meadows, bogs and forest is collected from the pristine nature of P\u00e4rnu County. A great tasting experience.\" \/>\n<meta name=\"robots\" content=\"index, follow, max-snippet:-1, max-image-preview:large, max-video-preview:-1\" \/>\n<link rel=\"canonical\" href=\"https:\/\/aeglanehetk.ee\/en\/product\/honey-from-coastal-meadows-bogs-forest-500g\/\" \/>\n<meta property=\"og:locale\" content=\"en_US\" \/>\n<meta property=\"og:type\" content=\"article\" \/>\n<meta property=\"og:title\" content=\"Honey from coastal meadows, bogs and forest in P\u00e4rnu County\" \/>\n<meta property=\"og:description\" content=\"Honey from coastal meadows, bogs and forest is collected from the pristine nature of P\u00e4rnu County. A great tasting experience.\" \/>\n<meta property=\"og:url\" content=\"https:\/\/aeglanehetk.ee\/en\/product\/honey-from-coastal-meadows-bogs-forest-500g\/\" \/>\n<meta property=\"og:site_name\" content=\"Aeglane hetk\" \/>\n<meta property=\"article:modified_time\" content=\"2025-09-28T14:33:04+00:00\" \/>\n<meta property=\"og:image\" content=\"https:\/\/aeglanehetk.ee\/wp-content\/uploads\/2021\/02\/Aeglane-hetk-mesi-500g-tootepilt-500.jpg\" \/>\n\t<meta property=\"og:image:width\" content=\"500\" \/>\n\t<meta property=\"og:image:height\" content=\"500\" \/>\n\t<meta property=\"og:image:type\" content=\"image\/jpeg\" \/>\n<meta name=\"twitter:card\" content=\"summary_large_image\" \/>\n<meta name=\"twitter:label1\" content=\"Est. reading time\" \/>\n\t<meta name=\"twitter:data1\" content=\"2 minutes\" \/>\n<script type=\"application\/ld+json\" class=\"yoast-schema-graph\">{\"@context\":\"https:\\\/\\\/schema.org\",\"@graph\":[{\"@type\":\"WebPage\",\"@id\":\"https:\\\/\\\/aeglanehetk.ee\\\/en\\\/product\\\/honey-from-coastal-meadows-bogs-forest-500g\\\/\",\"url\":\"https:\\\/\\\/aeglanehetk.ee\\\/en\\\/product\\\/honey-from-coastal-meadows-bogs-forest-500g\\\/\",\"name\":\"Honey from coastal meadows, bogs and forest in P\u00e4rnu County\",\"isPartOf\":{\"@id\":\"https:\\\/\\\/aeglanehetk.ee\\\/en\\\/#website\"},\"primaryImageOfPage\":{\"@id\":\"https:\\\/\\\/aeglanehetk.ee\\\/en\\\/product\\\/honey-from-coastal-meadows-bogs-forest-500g\\\/#primaryimage\"},\"image\":{\"@id\":\"https:\\\/\\\/aeglanehetk.ee\\\/en\\\/product\\\/honey-from-coastal-meadows-bogs-forest-500g\\\/#primaryimage\"},\"thumbnailUrl\":\"https:\\\/\\\/aeglanehetk.ee\\\/wp-content\\\/uploads\\\/2021\\\/02\\\/Aeglane-hetk-mesi-500g-tootepilt-500.jpg\",\"datePublished\":\"2021-02-10T15:53:33+00:00\",\"dateModified\":\"2025-09-28T14:33:04+00:00\",\"description\":\"Honey from coastal meadows, bogs and forest is collected from the pristine nature of P\u00e4rnu County. A great tasting experience.\",\"breadcrumb\":{\"@id\":\"https:\\\/\\\/aeglanehetk.ee\\\/en\\\/product\\\/honey-from-coastal-meadows-bogs-forest-500g\\\/#breadcrumb\"},\"inLanguage\":\"en-US\",\"potentialAction\":[{\"@type\":\"ReadAction\",\"target\":[\"https:\\\/\\\/aeglanehetk.ee\\\/en\\\/product\\\/honey-from-coastal-meadows-bogs-forest-500g\\\/\"]}]},{\"@type\":\"ImageObject\",\"inLanguage\":\"en-US\",\"@id\":\"https:\\\/\\\/aeglanehetk.ee\\\/en\\\/product\\\/honey-from-coastal-meadows-bogs-forest-500g\\\/#primaryimage\",\"url\":\"https:\\\/\\\/aeglanehetk.ee\\\/wp-content\\\/uploads\\\/2021\\\/02\\\/Aeglane-hetk-mesi-500g-tootepilt-500.jpg\",\"contentUrl\":\"https:\\\/\\\/aeglanehetk.ee\\\/wp-content\\\/uploads\\\/2021\\\/02\\\/Aeglane-hetk-mesi-500g-tootepilt-500.jpg\",\"width\":500,\"height\":500},{\"@type\":\"BreadcrumbList\",\"@id\":\"https:\\\/\\\/aeglanehetk.ee\\\/en\\\/product\\\/honey-from-coastal-meadows-bogs-forest-500g\\\/#breadcrumb\",\"itemListElement\":[{\"@type\":\"ListItem\",\"position\":1,\"name\":\"Home\",\"item\":\"https:\\\/\\\/aeglanehetk.ee\\\/en\\\/\"},{\"@type\":\"ListItem\",\"position\":2,\"name\":\"Shop\",\"item\":\"https:\\\/\\\/aeglanehetk.ee\\\/shop\\\/?lang=en\"},{\"@type\":\"ListItem\",\"position\":3,\"name\":\"Honey from coastal meadows, bogs and forest 500 g\"}]},{\"@type\":\"WebSite\",\"@id\":\"https:\\\/\\\/aeglanehetk.ee\\\/en\\\/#website\",\"url\":\"https:\\\/\\\/aeglanehetk.ee\\\/en\\\/\",\"name\":\"Aeglane hetk\",\"description\":\"Aeglane hetk v\u00e4\u00e4rtustab aeglust ja hetki\",\"publisher\":{\"@id\":\"https:\\\/\\\/aeglanehetk.ee\\\/en\\\/#organization\"},\"potentialAction\":[{\"@type\":\"SearchAction\",\"target\":{\"@type\":\"EntryPoint\",\"urlTemplate\":\"https:\\\/\\\/aeglanehetk.ee\\\/en\\\/?s={search_term_string}\"},\"query-input\":{\"@type\":\"PropertyValueSpecification\",\"valueRequired\":true,\"valueName\":\"search_term_string\"}}],\"inLanguage\":\"en-US\"},{\"@type\":\"Organization\",\"@id\":\"https:\\\/\\\/aeglanehetk.ee\\\/en\\\/#organization\",\"name\":\"Aeglane hetk\",\"url\":\"https:\\\/\\\/aeglanehetk.ee\\\/en\\\/\",\"logo\":{\"@type\":\"ImageObject\",\"inLanguage\":\"en-US\",\"@id\":\"https:\\\/\\\/aeglanehetk.ee\\\/en\\\/#\\\/schema\\\/logo\\\/image\\\/\",\"url\":\"https:\\\/\\\/aeglanehetk.ee\\\/wp-content\\\/uploads\\\/2021\\\/05\\\/Aeglane-hetk-logo_versioon_1_veeb_465x300px.jpg\",\"contentUrl\":\"https:\\\/\\\/aeglanehetk.ee\\\/wp-content\\\/uploads\\\/2021\\\/05\\\/Aeglane-hetk-logo_versioon_1_veeb_465x300px.jpg\",\"width\":465,\"height\":300,\"caption\":\"Aeglane hetk\"},\"image\":{\"@id\":\"https:\\\/\\\/aeglanehetk.ee\\\/en\\\/#\\\/schema\\\/logo\\\/image\\\/\"}}]}<\/script>\n<!-- \/ Yoast SEO plugin. -->","yoast_head_json":{"title":"Honey from coastal meadows, bogs and forest in P\u00e4rnu County","description":"Honey from coastal meadows, bogs and forest is collected from the pristine nature of P\u00e4rnu County. A great tasting experience.","robots":{"index":"index","follow":"follow","max-snippet":"max-snippet:-1","max-image-preview":"max-image-preview:large","max-video-preview":"max-video-preview:-1"},"canonical":"https:\/\/aeglanehetk.ee\/en\/product\/honey-from-coastal-meadows-bogs-forest-500g\/","og_locale":"en_US","og_type":"article","og_title":"Honey from coastal meadows, bogs and forest in P\u00e4rnu County","og_description":"Honey from coastal meadows, bogs and forest is collected from the pristine nature of P\u00e4rnu County. A great tasting experience.","og_url":"https:\/\/aeglanehetk.ee\/en\/product\/honey-from-coastal-meadows-bogs-forest-500g\/","og_site_name":"Aeglane hetk","article_modified_time":"2025-09-28T14:33:04+00:00","og_image":[{"width":500,"height":500,"url":"https:\/\/aeglanehetk.ee\/wp-content\/uploads\/2021\/02\/Aeglane-hetk-mesi-500g-tootepilt-500.jpg","type":"image\/jpeg"}],"twitter_card":"summary_large_image","twitter_misc":{"Est. reading time":"2 minutes"},"schema":{"@context":"https:\/\/schema.org","@graph":[{"@type":"WebPage","@id":"https:\/\/aeglanehetk.ee\/en\/product\/honey-from-coastal-meadows-bogs-forest-500g\/","url":"https:\/\/aeglanehetk.ee\/en\/product\/honey-from-coastal-meadows-bogs-forest-500g\/","name":"Honey from coastal meadows, bogs and forest in P\u00e4rnu County","isPartOf":{"@id":"https:\/\/aeglanehetk.ee\/en\/#website"},"primaryImageOfPage":{"@id":"https:\/\/aeglanehetk.ee\/en\/product\/honey-from-coastal-meadows-bogs-forest-500g\/#primaryimage"},"image":{"@id":"https:\/\/aeglanehetk.ee\/en\/product\/honey-from-coastal-meadows-bogs-forest-500g\/#primaryimage"},"thumbnailUrl":"https:\/\/aeglanehetk.ee\/wp-content\/uploads\/2021\/02\/Aeglane-hetk-mesi-500g-tootepilt-500.jpg","datePublished":"2021-02-10T15:53:33+00:00","dateModified":"2025-09-28T14:33:04+00:00","description":"Honey from coastal meadows, bogs and forest is collected from the pristine nature of P\u00e4rnu County. A great tasting experience.","breadcrumb":{"@id":"https:\/\/aeglanehetk.ee\/en\/product\/honey-from-coastal-meadows-bogs-forest-500g\/#breadcrumb"},"inLanguage":"en-US","potentialAction":[{"@type":"ReadAction","target":["https:\/\/aeglanehetk.ee\/en\/product\/honey-from-coastal-meadows-bogs-forest-500g\/"]}]},{"@type":"ImageObject","inLanguage":"en-US","@id":"https:\/\/aeglanehetk.ee\/en\/product\/honey-from-coastal-meadows-bogs-forest-500g\/#primaryimage","url":"https:\/\/aeglanehetk.ee\/wp-content\/uploads\/2021\/02\/Aeglane-hetk-mesi-500g-tootepilt-500.jpg","contentUrl":"https:\/\/aeglanehetk.ee\/wp-content\/uploads\/2021\/02\/Aeglane-hetk-mesi-500g-tootepilt-500.jpg","width":500,"height":500},{"@type":"BreadcrumbList","@id":"https:\/\/aeglanehetk.ee\/en\/product\/honey-from-coastal-meadows-bogs-forest-500g\/#breadcrumb","itemListElement":[{"@type":"ListItem","position":1,"name":"Home","item":"https:\/\/aeglanehetk.ee\/en\/"},{"@type":"ListItem","position":2,"name":"Shop","item":"https:\/\/aeglanehetk.ee\/shop\/?lang=en"},{"@type":"ListItem","position":3,"name":"Honey from coastal meadows, bogs and forest 500 g"}]},{"@type":"WebSite","@id":"https:\/\/aeglanehetk.ee\/en\/#website","url":"https:\/\/aeglanehetk.ee\/en\/","name":"Aeglane hetk","description":"Aeglane hetk v\u00e4\u00e4rtustab aeglust ja hetki","publisher":{"@id":"https:\/\/aeglanehetk.ee\/en\/#organization"},"potentialAction":[{"@type":"SearchAction","target":{"@type":"EntryPoint","urlTemplate":"https:\/\/aeglanehetk.ee\/en\/?s={search_term_string}"},"query-input":{"@type":"PropertyValueSpecification","valueRequired":true,"valueName":"search_term_string"}}],"inLanguage":"en-US"},{"@type":"Organization","@id":"https:\/\/aeglanehetk.ee\/en\/#organization","name":"Aeglane hetk","url":"https:\/\/aeglanehetk.ee\/en\/","logo":{"@type":"ImageObject","inLanguage":"en-US","@id":"https:\/\/aeglanehetk.ee\/en\/#\/schema\/logo\/image\/","url":"https:\/\/aeglanehetk.ee\/wp-content\/uploads\/2021\/05\/Aeglane-hetk-logo_versioon_1_veeb_465x300px.jpg","contentUrl":"https:\/\/aeglanehetk.ee\/wp-content\/uploads\/2021\/05\/Aeglane-hetk-logo_versioon_1_veeb_465x300px.jpg","width":465,"height":300,"caption":"Aeglane hetk"},"image":{"@id":"https:\/\/aeglanehetk.ee\/en\/#\/schema\/logo\/image\/"}}]}},"_links":{"self":[{"href":"https:\/\/aeglanehetk.ee\/en\/wp-json\/wp\/v2\/product\/1402","targetHints":{"allow":["GET"]}}],"collection":[{"href":"https:\/\/aeglanehetk.ee\/en\/wp-json\/wp\/v2\/product"}],"about":[{"href":"https:\/\/aeglanehetk.ee\/en\/wp-json\/wp\/v2\/types\/product"}],"wp:featuredmedia":[{"embeddable":true,"href":"https:\/\/aeglanehetk.ee\/en\/wp-json\/wp\/v2\/media\/445"}],"wp:attachment":[{"href":"https:\/\/aeglanehetk.ee\/en\/wp-json\/wp\/v2\/media?parent=1402"}],"wp:term":[{"taxonomy":"product_brand","embeddable":true,"href":"https:\/\/aeglanehetk.ee\/en\/wp-json\/wp\/v2\/product_brand?post=1402"},{"taxonomy":"product_cat","embeddable":true,"href":"https:\/\/aeglanehetk.ee\/en\/wp-json\/wp\/v2\/product_cat?post=1402"},{"taxonomy":"product_tag","embeddable":true,"href":"https:\/\/aeglanehetk.ee\/en\/wp-json\/wp\/v2\/product_tag?post=1402"}],"curies":[{"name":"wp","href":"https:\/\/api.w.org\/{rel}","templated":true}]}}