{"id":1397,"date":"2021-02-10T19:12:46","date_gmt":"2021-02-10T17:12:46","guid":{"rendered":"https:\/\/aeglanehetk.ee\/toode\/1397\/"},"modified":"2025-11-25T16:51:14","modified_gmt":"2025-11-25T14:51:14","slug":"honeycomb-in-wooden-frame","status":"publish","type":"product","link":"https:\/\/aeglanehetk.ee\/en\/product\/honeycomb-in-wooden-frame\/","title":{"rendered":"Honeycomb in wooden frame 250g"},"content":{"rendered":"<p>Slow Moment comb honey 250g is harvested from the Kastna Peninsula, the forests of J\u00e4\u00e4rumetsa, and the bogs of T\u00f5hela and N\u00e4tsi-V\u00f5lla. The comb honey is in a small wooden frame which the bees diligently fill with nectar, evaporate the water from, add valuable enzymes, and cap once mature. Comb honey is completely unprocessed pure honey, offering all the beneficial properties of honey when consumed. Since the honey is packed for sale directly by the bees themselves, the weight of comb honey can vary between 225-280g.<\/p>\n<p>Slow Moment comb honey is an ideal gift for a honey lover, for slicing onto the dining table, and for indulging.<\/p>\n<p>Honey is always available from the self-service hive located at the entrance to Tormikadaka farm. Delivery to Tallinn is also free. For other parts of Estonia, honey is sent to parcel machines, thus adding a shipping cost to the price of honey.<\/p>\n<div id=\"gtx-trans\" style=\"position: absolute; left: 701px; top: 136px;\">\n<div class=\"gtx-trans-icon\"><\/div>\n<\/div>\n","protected":false},"excerpt":{"rendered":"<p>Comb honey is harvested from the Kastna Peninsula, the forests of J\u00e4\u00e4rumetsa, and the bogs of T\u00f5hela and N\u00e4tsi-V\u00f5lla.<\/p>\n","protected":false},"featured_media":450,"template":"","meta":[],"product_brand":[],"product_cat":[177],"product_tag":[138,123,146,125],"class_list":{"0":"post-1397","1":"product","2":"type-product","3":"status-publish","4":"has-post-thumbnail","6":"product_cat-honey","7":"product_tag-comb-honey","8":"product_tag-estonia","9":"product_tag-honey","10":"product_tag-parnu-county","12":"first","13":"outofstock","14":"shipping-taxable","15":"purchasable","16":"product-type-simple"},"yoast_head":"<!-- This site is optimized with the Yoast SEO plugin v27.4 - https:\/\/yoast.com\/product\/yoast-seo-wordpress\/ -->\n<title>Comb Honey from P\u00e4rnu County | Slow Moment<\/title>\n<meta name=\"description\" content=\"Comb honey is harvested from the pristine nature of P\u00e4rnu County, offering delights to honey lovers. A masterpiece of bee&#039;s work, untouched and genuine, straight from the beehive. Look closer\" \/>\n<meta name=\"robots\" content=\"index, follow, max-snippet:-1, max-image-preview:large, max-video-preview:-1\" \/>\n<link rel=\"canonical\" href=\"https:\/\/aeglanehetk.ee\/en\/product\/honeycomb-in-wooden-frame\/\" \/>\n<meta property=\"og:locale\" content=\"en_US\" \/>\n<meta property=\"og:type\" content=\"article\" \/>\n<meta property=\"og:title\" content=\"Comb Honey from P\u00e4rnu County | Slow Moment\" \/>\n<meta property=\"og:description\" content=\"Comb honey is harvested from the pristine nature of P\u00e4rnu County, offering delights to honey lovers. A masterpiece of bee&#039;s work, untouched and genuine, straight from the beehive. Look closer\" \/>\n<meta property=\"og:url\" content=\"https:\/\/aeglanehetk.ee\/en\/product\/honeycomb-in-wooden-frame\/\" \/>\n<meta property=\"og:site_name\" content=\"Aeglane hetk\" \/>\n<meta property=\"article:modified_time\" content=\"2025-11-25T14:51:14+00:00\" \/>\n<meta property=\"og:image\" content=\"https:\/\/aeglanehetk.ee\/wp-content\/uploads\/2021\/02\/Aeglane-hetk-karjemesi-tootepilt-500.jpg\" \/>\n\t<meta property=\"og:image:width\" content=\"500\" \/>\n\t<meta property=\"og:image:height\" content=\"500\" \/>\n\t<meta property=\"og:image:type\" content=\"image\/jpeg\" \/>\n<meta name=\"twitter:card\" content=\"summary_large_image\" \/>\n<meta name=\"twitter:label1\" content=\"Est. reading time\" \/>\n\t<meta name=\"twitter:data1\" content=\"2 minutes\" \/>\n<script type=\"application\/ld+json\" class=\"yoast-schema-graph\">{\"@context\":\"https:\\\/\\\/schema.org\",\"@graph\":[{\"@type\":\"WebPage\",\"@id\":\"https:\\\/\\\/aeglanehetk.ee\\\/en\\\/product\\\/honeycomb-in-wooden-frame\\\/\",\"url\":\"https:\\\/\\\/aeglanehetk.ee\\\/en\\\/product\\\/honeycomb-in-wooden-frame\\\/\",\"name\":\"Comb Honey from P\u00e4rnu County | Slow Moment\",\"isPartOf\":{\"@id\":\"https:\\\/\\\/aeglanehetk.ee\\\/en\\\/#website\"},\"primaryImageOfPage\":{\"@id\":\"https:\\\/\\\/aeglanehetk.ee\\\/en\\\/product\\\/honeycomb-in-wooden-frame\\\/#primaryimage\"},\"image\":{\"@id\":\"https:\\\/\\\/aeglanehetk.ee\\\/en\\\/product\\\/honeycomb-in-wooden-frame\\\/#primaryimage\"},\"thumbnailUrl\":\"https:\\\/\\\/aeglanehetk.ee\\\/wp-content\\\/uploads\\\/2021\\\/02\\\/Aeglane-hetk-karjemesi-tootepilt-500.jpg\",\"datePublished\":\"2021-02-10T17:12:46+00:00\",\"dateModified\":\"2025-11-25T14:51:14+00:00\",\"description\":\"Comb honey is harvested from the pristine nature of P\u00e4rnu County, offering delights to honey lovers. A masterpiece of bee's work, untouched and genuine, straight from the beehive. Look closer\",\"breadcrumb\":{\"@id\":\"https:\\\/\\\/aeglanehetk.ee\\\/en\\\/product\\\/honeycomb-in-wooden-frame\\\/#breadcrumb\"},\"inLanguage\":\"en-US\",\"potentialAction\":[{\"@type\":\"ReadAction\",\"target\":[\"https:\\\/\\\/aeglanehetk.ee\\\/en\\\/product\\\/honeycomb-in-wooden-frame\\\/\"]}]},{\"@type\":\"ImageObject\",\"inLanguage\":\"en-US\",\"@id\":\"https:\\\/\\\/aeglanehetk.ee\\\/en\\\/product\\\/honeycomb-in-wooden-frame\\\/#primaryimage\",\"url\":\"https:\\\/\\\/aeglanehetk.ee\\\/wp-content\\\/uploads\\\/2021\\\/02\\\/Aeglane-hetk-karjemesi-tootepilt-500.jpg\",\"contentUrl\":\"https:\\\/\\\/aeglanehetk.ee\\\/wp-content\\\/uploads\\\/2021\\\/02\\\/Aeglane-hetk-karjemesi-tootepilt-500.jpg\",\"width\":500,\"height\":500},{\"@type\":\"BreadcrumbList\",\"@id\":\"https:\\\/\\\/aeglanehetk.ee\\\/en\\\/product\\\/honeycomb-in-wooden-frame\\\/#breadcrumb\",\"itemListElement\":[{\"@type\":\"ListItem\",\"position\":1,\"name\":\"Home\",\"item\":\"https:\\\/\\\/aeglanehetk.ee\\\/en\\\/\"},{\"@type\":\"ListItem\",\"position\":2,\"name\":\"Shop\",\"item\":\"https:\\\/\\\/aeglanehetk.ee\\\/shop\\\/?lang=en\"},{\"@type\":\"ListItem\",\"position\":3,\"name\":\"Honeycomb in wooden frame 250g\"}]},{\"@type\":\"WebSite\",\"@id\":\"https:\\\/\\\/aeglanehetk.ee\\\/en\\\/#website\",\"url\":\"https:\\\/\\\/aeglanehetk.ee\\\/en\\\/\",\"name\":\"Aeglane hetk\",\"description\":\"Aeglane hetk v\u00e4\u00e4rtustab aeglust ja hetki\",\"publisher\":{\"@id\":\"https:\\\/\\\/aeglanehetk.ee\\\/en\\\/#organization\"},\"potentialAction\":[{\"@type\":\"SearchAction\",\"target\":{\"@type\":\"EntryPoint\",\"urlTemplate\":\"https:\\\/\\\/aeglanehetk.ee\\\/en\\\/?s={search_term_string}\"},\"query-input\":{\"@type\":\"PropertyValueSpecification\",\"valueRequired\":true,\"valueName\":\"search_term_string\"}}],\"inLanguage\":\"en-US\"},{\"@type\":\"Organization\",\"@id\":\"https:\\\/\\\/aeglanehetk.ee\\\/en\\\/#organization\",\"name\":\"Aeglane hetk\",\"url\":\"https:\\\/\\\/aeglanehetk.ee\\\/en\\\/\",\"logo\":{\"@type\":\"ImageObject\",\"inLanguage\":\"en-US\",\"@id\":\"https:\\\/\\\/aeglanehetk.ee\\\/en\\\/#\\\/schema\\\/logo\\\/image\\\/\",\"url\":\"https:\\\/\\\/aeglanehetk.ee\\\/wp-content\\\/uploads\\\/2021\\\/05\\\/Aeglane-hetk-logo_versioon_1_veeb_465x300px.jpg\",\"contentUrl\":\"https:\\\/\\\/aeglanehetk.ee\\\/wp-content\\\/uploads\\\/2021\\\/05\\\/Aeglane-hetk-logo_versioon_1_veeb_465x300px.jpg\",\"width\":465,\"height\":300,\"caption\":\"Aeglane hetk\"},\"image\":{\"@id\":\"https:\\\/\\\/aeglanehetk.ee\\\/en\\\/#\\\/schema\\\/logo\\\/image\\\/\"}}]}<\/script>\n<!-- \/ Yoast SEO plugin. -->","yoast_head_json":{"title":"Comb Honey from P\u00e4rnu County | Slow Moment","description":"Comb honey is harvested from the pristine nature of P\u00e4rnu County, offering delights to honey lovers. A masterpiece of bee's work, untouched and genuine, straight from the beehive. Look closer","robots":{"index":"index","follow":"follow","max-snippet":"max-snippet:-1","max-image-preview":"max-image-preview:large","max-video-preview":"max-video-preview:-1"},"canonical":"https:\/\/aeglanehetk.ee\/en\/product\/honeycomb-in-wooden-frame\/","og_locale":"en_US","og_type":"article","og_title":"Comb Honey from P\u00e4rnu County | Slow Moment","og_description":"Comb honey is harvested from the pristine nature of P\u00e4rnu County, offering delights to honey lovers. A masterpiece of bee's work, untouched and genuine, straight from the beehive. Look closer","og_url":"https:\/\/aeglanehetk.ee\/en\/product\/honeycomb-in-wooden-frame\/","og_site_name":"Aeglane hetk","article_modified_time":"2025-11-25T14:51:14+00:00","og_image":[{"width":500,"height":500,"url":"https:\/\/aeglanehetk.ee\/wp-content\/uploads\/2021\/02\/Aeglane-hetk-karjemesi-tootepilt-500.jpg","type":"image\/jpeg"}],"twitter_card":"summary_large_image","twitter_misc":{"Est. reading time":"2 minutes"},"schema":{"@context":"https:\/\/schema.org","@graph":[{"@type":"WebPage","@id":"https:\/\/aeglanehetk.ee\/en\/product\/honeycomb-in-wooden-frame\/","url":"https:\/\/aeglanehetk.ee\/en\/product\/honeycomb-in-wooden-frame\/","name":"Comb Honey from P\u00e4rnu County | Slow Moment","isPartOf":{"@id":"https:\/\/aeglanehetk.ee\/en\/#website"},"primaryImageOfPage":{"@id":"https:\/\/aeglanehetk.ee\/en\/product\/honeycomb-in-wooden-frame\/#primaryimage"},"image":{"@id":"https:\/\/aeglanehetk.ee\/en\/product\/honeycomb-in-wooden-frame\/#primaryimage"},"thumbnailUrl":"https:\/\/aeglanehetk.ee\/wp-content\/uploads\/2021\/02\/Aeglane-hetk-karjemesi-tootepilt-500.jpg","datePublished":"2021-02-10T17:12:46+00:00","dateModified":"2025-11-25T14:51:14+00:00","description":"Comb honey is harvested from the pristine nature of P\u00e4rnu County, offering delights to honey lovers. A masterpiece of bee's work, untouched and genuine, straight from the beehive. Look closer","breadcrumb":{"@id":"https:\/\/aeglanehetk.ee\/en\/product\/honeycomb-in-wooden-frame\/#breadcrumb"},"inLanguage":"en-US","potentialAction":[{"@type":"ReadAction","target":["https:\/\/aeglanehetk.ee\/en\/product\/honeycomb-in-wooden-frame\/"]}]},{"@type":"ImageObject","inLanguage":"en-US","@id":"https:\/\/aeglanehetk.ee\/en\/product\/honeycomb-in-wooden-frame\/#primaryimage","url":"https:\/\/aeglanehetk.ee\/wp-content\/uploads\/2021\/02\/Aeglane-hetk-karjemesi-tootepilt-500.jpg","contentUrl":"https:\/\/aeglanehetk.ee\/wp-content\/uploads\/2021\/02\/Aeglane-hetk-karjemesi-tootepilt-500.jpg","width":500,"height":500},{"@type":"BreadcrumbList","@id":"https:\/\/aeglanehetk.ee\/en\/product\/honeycomb-in-wooden-frame\/#breadcrumb","itemListElement":[{"@type":"ListItem","position":1,"name":"Home","item":"https:\/\/aeglanehetk.ee\/en\/"},{"@type":"ListItem","position":2,"name":"Shop","item":"https:\/\/aeglanehetk.ee\/shop\/?lang=en"},{"@type":"ListItem","position":3,"name":"Honeycomb in wooden frame 250g"}]},{"@type":"WebSite","@id":"https:\/\/aeglanehetk.ee\/en\/#website","url":"https:\/\/aeglanehetk.ee\/en\/","name":"Aeglane hetk","description":"Aeglane hetk v\u00e4\u00e4rtustab aeglust ja hetki","publisher":{"@id":"https:\/\/aeglanehetk.ee\/en\/#organization"},"potentialAction":[{"@type":"SearchAction","target":{"@type":"EntryPoint","urlTemplate":"https:\/\/aeglanehetk.ee\/en\/?s={search_term_string}"},"query-input":{"@type":"PropertyValueSpecification","valueRequired":true,"valueName":"search_term_string"}}],"inLanguage":"en-US"},{"@type":"Organization","@id":"https:\/\/aeglanehetk.ee\/en\/#organization","name":"Aeglane hetk","url":"https:\/\/aeglanehetk.ee\/en\/","logo":{"@type":"ImageObject","inLanguage":"en-US","@id":"https:\/\/aeglanehetk.ee\/en\/#\/schema\/logo\/image\/","url":"https:\/\/aeglanehetk.ee\/wp-content\/uploads\/2021\/05\/Aeglane-hetk-logo_versioon_1_veeb_465x300px.jpg","contentUrl":"https:\/\/aeglanehetk.ee\/wp-content\/uploads\/2021\/05\/Aeglane-hetk-logo_versioon_1_veeb_465x300px.jpg","width":465,"height":300,"caption":"Aeglane hetk"},"image":{"@id":"https:\/\/aeglanehetk.ee\/en\/#\/schema\/logo\/image\/"}}]}},"_links":{"self":[{"href":"https:\/\/aeglanehetk.ee\/en\/wp-json\/wp\/v2\/product\/1397","targetHints":{"allow":["GET"]}}],"collection":[{"href":"https:\/\/aeglanehetk.ee\/en\/wp-json\/wp\/v2\/product"}],"about":[{"href":"https:\/\/aeglanehetk.ee\/en\/wp-json\/wp\/v2\/types\/product"}],"wp:featuredmedia":[{"embeddable":true,"href":"https:\/\/aeglanehetk.ee\/en\/wp-json\/wp\/v2\/media\/450"}],"wp:attachment":[{"href":"https:\/\/aeglanehetk.ee\/en\/wp-json\/wp\/v2\/media?parent=1397"}],"wp:term":[{"taxonomy":"product_brand","embeddable":true,"href":"https:\/\/aeglanehetk.ee\/en\/wp-json\/wp\/v2\/product_brand?post=1397"},{"taxonomy":"product_cat","embeddable":true,"href":"https:\/\/aeglanehetk.ee\/en\/wp-json\/wp\/v2\/product_cat?post=1397"},{"taxonomy":"product_tag","embeddable":true,"href":"https:\/\/aeglanehetk.ee\/en\/wp-json\/wp\/v2\/product_tag?post=1397"}],"curies":[{"name":"wp","href":"https:\/\/api.w.org\/{rel}","templated":true}]}}