{"id":1393,"date":"2021-02-10T19:17:46","date_gmt":"2021-02-10T17:17:46","guid":{"rendered":"https:\/\/aeglanehetk.ee\/toode\/1393\/"},"modified":"2024-04-02T11:49:31","modified_gmt":"2024-04-02T08:49:31","slug":"1393","status":"publish","type":"product","link":"https:\/\/aeglanehetk.ee\/en\/product\/1393\/","title":{"rendered":"Honey from coastal meadows, bogs and forest 250g"},"content":{"rendered":"<p>Slow Moment honey from coastal meadows, bogs and forest 250 g is collected from the Kastna Peninsula, J\u00e4\u00e4rumetsa forests, and the bogs of T\u00f5hela and N\u00e4tsi-V\u00f5lla. Spring honey is lighter, mainly collected from maple, willow, dandelion, alder buckthorn, and fruit trees. Summer honey is darker, collected mainly from clover, blueberry, cranberry, raspberry plants, and meadowsweet.<\/p>\n<p>The 250g jar is a beautiful gift and also suitable for the table when honey is not consumed in large quantities at once. You can always buy a new jar of honey when one is empty \ud83d\ude42<\/p>\n<p>Honey in the jar can be in three consistencies, and you can choose the one you prefer: liquid, crystallized, or creamy. Honey is liquid immediately after extraction or as a result of melting for packaging, allowing honey to be transferred from larger storage containers to smaller packaging. The crystallized state is characteristic of Estonian honey, generally crystallizing within one to three months. Therefore, if you prefer liquid honey, you should buy it in smaller quantities and consume it more quickly. How quickly honey crystallizes depends mainly on the plants from which the nectar is gathered and their proportions in the honey. For example, alder buckthorn nectar does not crystallize, but since alder buckthorn nectar is not the only component in typical Estonian polyfloral honey, the honey containing alder buckthorn also crystallizes, just over a longer period. The rate of honey crystallization also depends on storage conditions; honey crystallizes fastest in cool conditions. Creamy honey is obtained after slow mixing in a special honey mixing machine. Slow mixing during the crystallization period prevents the formation of honey crystal chains without reducing the beneficial properties of the honey. This keeps the honey pleasantly soft and easy to use.<\/p>\n<p>Honey is always available from the self-service hive located at the entrance to Tormikadaka farm. You can also order honey to the self-service hive in N\u00f5mme, Tallinn, from September to May. Delivery to Tallinn and T\u00f5stamaa district is free for purchases over 25 euros. For other parts of Estonia, honey is sent to parcel machines, thus adding a shipping cost to the price of honey.<\/p>\n","protected":false},"excerpt":{"rendered":"<p>Slow Moment honey from coastal meadows, bogs and forest 250 g is collected from the Kastna Peninsula, J\u00e4\u00e4rumetsa forests, and the bogs of T\u00f5hela and N\u00e4tsi-V\u00f5lla. Choose the honey and consistency that suits you best, see product description for more details.<\/p>\n","protected":false},"featured_media":444,"template":"","meta":[],"product_brand":[],"product_cat":[177],"product_tag":[123,146,143,125],"class_list":{"0":"post-1393","1":"product","2":"type-product","3":"status-publish","4":"has-post-thumbnail","6":"product_cat-honey","7":"product_tag-estonia","8":"product_tag-honey","9":"product_tag-honey-sale","10":"product_tag-parnu-county","12":"first","13":"instock","14":"shipping-taxable","15":"purchasable","16":"product-type-variable","17":"has-default-attributes"},"yoast_head":"<!-- This site is optimized with the Yoast SEO plugin v27.5 - https:\/\/yoast.com\/product\/yoast-seo-wordpress\/ -->\n<title>Beach, bog, and forest flower honey from P\u00e4rnu County - Slow Moment<\/title>\n<meta name=\"description\" content=\"Beach, bog, and forest flower honey is collected from the pure nature of P\u00e4rnu County, offering pleasures as a sweetener in both drinks and foods. A great choice for a gift bag too!\" \/>\n<meta name=\"robots\" content=\"index, follow, max-snippet:-1, max-image-preview:large, max-video-preview:-1\" \/>\n<link rel=\"canonical\" href=\"https:\/\/aeglanehetk.ee\/en\/product\/1393\/\" \/>\n<meta property=\"og:locale\" content=\"en_US\" \/>\n<meta property=\"og:type\" content=\"article\" \/>\n<meta property=\"og:title\" content=\"Slow Moment beach, bog, and forest flower honey 250g\" \/>\n<meta property=\"og:description\" content=\"Slow Moment honey is collected from the coastal meadows, bogs, and forests of P\u00e4rnu County.\" \/>\n<meta property=\"og:url\" content=\"https:\/\/aeglanehetk.ee\/en\/product\/1393\/\" \/>\n<meta property=\"og:site_name\" content=\"Aeglane hetk\" \/>\n<meta property=\"article:modified_time\" content=\"2024-04-02T08:49:31+00:00\" \/>\n<meta property=\"og:image\" content=\"https:\/\/aeglanehetk.ee\/wp-content\/uploads\/2021\/01\/Aeglane-hetk-mesi-250g-tootepilt-500.jpg\" \/>\n<meta name=\"twitter:card\" content=\"summary_large_image\" \/>\n<meta name=\"twitter:title\" content=\"Slow Moment beach, bog, and forest flower honey 250g\" \/>\n<meta name=\"twitter:description\" content=\"Slow Moment honey is collected from the coastal meadows, bogs, and forests of P\u00e4rnu County.\" \/>\n<meta name=\"twitter:image\" content=\"https:\/\/aeglanehetk.ee\/wp-content\/uploads\/2021\/01\/Aeglane-hetk-mesi-250g-tootepilt-500.jpg\" \/>\n<meta name=\"twitter:label1\" content=\"Est. reading time\" \/>\n\t<meta name=\"twitter:data1\" content=\"2 minutes\" \/>\n<script type=\"application\/ld+json\" class=\"yoast-schema-graph\">{\"@context\":\"https:\\\/\\\/schema.org\",\"@graph\":[{\"@type\":\"WebPage\",\"@id\":\"https:\\\/\\\/aeglanehetk.ee\\\/en\\\/product\\\/1393\\\/\",\"url\":\"https:\\\/\\\/aeglanehetk.ee\\\/en\\\/product\\\/1393\\\/\",\"name\":\"Beach, bog, and forest flower honey from P\u00e4rnu County - Slow Moment\",\"isPartOf\":{\"@id\":\"https:\\\/\\\/aeglanehetk.ee\\\/en\\\/#website\"},\"primaryImageOfPage\":{\"@id\":\"https:\\\/\\\/aeglanehetk.ee\\\/en\\\/product\\\/1393\\\/#primaryimage\"},\"image\":{\"@id\":\"https:\\\/\\\/aeglanehetk.ee\\\/en\\\/product\\\/1393\\\/#primaryimage\"},\"thumbnailUrl\":\"https:\\\/\\\/aeglanehetk.ee\\\/wp-content\\\/uploads\\\/2021\\\/01\\\/Aeglane-hetk-mesi-250g-tootepilt-500.jpg\",\"datePublished\":\"2021-02-10T17:17:46+00:00\",\"dateModified\":\"2024-04-02T08:49:31+00:00\",\"description\":\"Beach, bog, and forest flower honey is collected from the pure nature of P\u00e4rnu County, offering pleasures as a sweetener in both drinks and foods. A great choice for a gift bag too!\",\"breadcrumb\":{\"@id\":\"https:\\\/\\\/aeglanehetk.ee\\\/en\\\/product\\\/1393\\\/#breadcrumb\"},\"inLanguage\":\"en-US\",\"potentialAction\":[{\"@type\":\"ReadAction\",\"target\":[\"https:\\\/\\\/aeglanehetk.ee\\\/en\\\/product\\\/1393\\\/\"]}]},{\"@type\":\"ImageObject\",\"inLanguage\":\"en-US\",\"@id\":\"https:\\\/\\\/aeglanehetk.ee\\\/en\\\/product\\\/1393\\\/#primaryimage\",\"url\":\"https:\\\/\\\/aeglanehetk.ee\\\/wp-content\\\/uploads\\\/2021\\\/01\\\/Aeglane-hetk-mesi-250g-tootepilt-500.jpg\",\"contentUrl\":\"https:\\\/\\\/aeglanehetk.ee\\\/wp-content\\\/uploads\\\/2021\\\/01\\\/Aeglane-hetk-mesi-250g-tootepilt-500.jpg\",\"width\":500,\"height\":500,\"caption\":\"mesi\"},{\"@type\":\"BreadcrumbList\",\"@id\":\"https:\\\/\\\/aeglanehetk.ee\\\/en\\\/product\\\/1393\\\/#breadcrumb\",\"itemListElement\":[{\"@type\":\"ListItem\",\"position\":1,\"name\":\"Home\",\"item\":\"https:\\\/\\\/aeglanehetk.ee\\\/en\\\/\"},{\"@type\":\"ListItem\",\"position\":2,\"name\":\"Shop\",\"item\":\"https:\\\/\\\/aeglanehetk.ee\\\/shop\\\/?lang=en\"},{\"@type\":\"ListItem\",\"position\":3,\"name\":\"Honey from coastal meadows, bogs and forest 250g\"}]},{\"@type\":\"WebSite\",\"@id\":\"https:\\\/\\\/aeglanehetk.ee\\\/en\\\/#website\",\"url\":\"https:\\\/\\\/aeglanehetk.ee\\\/en\\\/\",\"name\":\"Aeglane hetk\",\"description\":\"Aeglane hetk v\u00e4\u00e4rtustab aeglust ja hetki\",\"publisher\":{\"@id\":\"https:\\\/\\\/aeglanehetk.ee\\\/en\\\/#organization\"},\"potentialAction\":[{\"@type\":\"SearchAction\",\"target\":{\"@type\":\"EntryPoint\",\"urlTemplate\":\"https:\\\/\\\/aeglanehetk.ee\\\/en\\\/?s={search_term_string}\"},\"query-input\":{\"@type\":\"PropertyValueSpecification\",\"valueRequired\":true,\"valueName\":\"search_term_string\"}}],\"inLanguage\":\"en-US\"},{\"@type\":\"Organization\",\"@id\":\"https:\\\/\\\/aeglanehetk.ee\\\/en\\\/#organization\",\"name\":\"Aeglane hetk\",\"url\":\"https:\\\/\\\/aeglanehetk.ee\\\/en\\\/\",\"logo\":{\"@type\":\"ImageObject\",\"inLanguage\":\"en-US\",\"@id\":\"https:\\\/\\\/aeglanehetk.ee\\\/en\\\/#\\\/schema\\\/logo\\\/image\\\/\",\"url\":\"https:\\\/\\\/aeglanehetk.ee\\\/wp-content\\\/uploads\\\/2021\\\/05\\\/Aeglane-hetk-logo_versioon_1_veeb_465x300px.jpg\",\"contentUrl\":\"https:\\\/\\\/aeglanehetk.ee\\\/wp-content\\\/uploads\\\/2021\\\/05\\\/Aeglane-hetk-logo_versioon_1_veeb_465x300px.jpg\",\"width\":465,\"height\":300,\"caption\":\"Aeglane hetk\"},\"image\":{\"@id\":\"https:\\\/\\\/aeglanehetk.ee\\\/en\\\/#\\\/schema\\\/logo\\\/image\\\/\"}}]}<\/script>\n<!-- \/ Yoast SEO plugin. -->","yoast_head_json":{"title":"Beach, bog, and forest flower honey from P\u00e4rnu County - Slow Moment","description":"Beach, bog, and forest flower honey is collected from the pure nature of P\u00e4rnu County, offering pleasures as a sweetener in both drinks and foods. A great choice for a gift bag too!","robots":{"index":"index","follow":"follow","max-snippet":"max-snippet:-1","max-image-preview":"max-image-preview:large","max-video-preview":"max-video-preview:-1"},"canonical":"https:\/\/aeglanehetk.ee\/en\/product\/1393\/","og_locale":"en_US","og_type":"article","og_title":"Slow Moment beach, bog, and forest flower honey 250g","og_description":"Slow Moment honey is collected from the coastal meadows, bogs, and forests of P\u00e4rnu County.","og_url":"https:\/\/aeglanehetk.ee\/en\/product\/1393\/","og_site_name":"Aeglane hetk","article_modified_time":"2024-04-02T08:49:31+00:00","og_image":[{"url":"https:\/\/aeglanehetk.ee\/wp-content\/uploads\/2021\/01\/Aeglane-hetk-mesi-250g-tootepilt-500.jpg","type":"","width":"","height":""}],"twitter_card":"summary_large_image","twitter_title":"Slow Moment beach, bog, and forest flower honey 250g","twitter_description":"Slow Moment honey is collected from the coastal meadows, bogs, and forests of P\u00e4rnu County.","twitter_image":"https:\/\/aeglanehetk.ee\/wp-content\/uploads\/2021\/01\/Aeglane-hetk-mesi-250g-tootepilt-500.jpg","twitter_misc":{"Est. reading time":"2 minutes"},"schema":{"@context":"https:\/\/schema.org","@graph":[{"@type":"WebPage","@id":"https:\/\/aeglanehetk.ee\/en\/product\/1393\/","url":"https:\/\/aeglanehetk.ee\/en\/product\/1393\/","name":"Beach, bog, and forest flower honey from P\u00e4rnu County - Slow Moment","isPartOf":{"@id":"https:\/\/aeglanehetk.ee\/en\/#website"},"primaryImageOfPage":{"@id":"https:\/\/aeglanehetk.ee\/en\/product\/1393\/#primaryimage"},"image":{"@id":"https:\/\/aeglanehetk.ee\/en\/product\/1393\/#primaryimage"},"thumbnailUrl":"https:\/\/aeglanehetk.ee\/wp-content\/uploads\/2021\/01\/Aeglane-hetk-mesi-250g-tootepilt-500.jpg","datePublished":"2021-02-10T17:17:46+00:00","dateModified":"2024-04-02T08:49:31+00:00","description":"Beach, bog, and forest flower honey is collected from the pure nature of P\u00e4rnu County, offering pleasures as a sweetener in both drinks and foods. A great choice for a gift bag too!","breadcrumb":{"@id":"https:\/\/aeglanehetk.ee\/en\/product\/1393\/#breadcrumb"},"inLanguage":"en-US","potentialAction":[{"@type":"ReadAction","target":["https:\/\/aeglanehetk.ee\/en\/product\/1393\/"]}]},{"@type":"ImageObject","inLanguage":"en-US","@id":"https:\/\/aeglanehetk.ee\/en\/product\/1393\/#primaryimage","url":"https:\/\/aeglanehetk.ee\/wp-content\/uploads\/2021\/01\/Aeglane-hetk-mesi-250g-tootepilt-500.jpg","contentUrl":"https:\/\/aeglanehetk.ee\/wp-content\/uploads\/2021\/01\/Aeglane-hetk-mesi-250g-tootepilt-500.jpg","width":500,"height":500,"caption":"mesi"},{"@type":"BreadcrumbList","@id":"https:\/\/aeglanehetk.ee\/en\/product\/1393\/#breadcrumb","itemListElement":[{"@type":"ListItem","position":1,"name":"Home","item":"https:\/\/aeglanehetk.ee\/en\/"},{"@type":"ListItem","position":2,"name":"Shop","item":"https:\/\/aeglanehetk.ee\/shop\/?lang=en"},{"@type":"ListItem","position":3,"name":"Honey from coastal meadows, bogs and forest 250g"}]},{"@type":"WebSite","@id":"https:\/\/aeglanehetk.ee\/en\/#website","url":"https:\/\/aeglanehetk.ee\/en\/","name":"Aeglane hetk","description":"Aeglane hetk v\u00e4\u00e4rtustab aeglust ja hetki","publisher":{"@id":"https:\/\/aeglanehetk.ee\/en\/#organization"},"potentialAction":[{"@type":"SearchAction","target":{"@type":"EntryPoint","urlTemplate":"https:\/\/aeglanehetk.ee\/en\/?s={search_term_string}"},"query-input":{"@type":"PropertyValueSpecification","valueRequired":true,"valueName":"search_term_string"}}],"inLanguage":"en-US"},{"@type":"Organization","@id":"https:\/\/aeglanehetk.ee\/en\/#organization","name":"Aeglane hetk","url":"https:\/\/aeglanehetk.ee\/en\/","logo":{"@type":"ImageObject","inLanguage":"en-US","@id":"https:\/\/aeglanehetk.ee\/en\/#\/schema\/logo\/image\/","url":"https:\/\/aeglanehetk.ee\/wp-content\/uploads\/2021\/05\/Aeglane-hetk-logo_versioon_1_veeb_465x300px.jpg","contentUrl":"https:\/\/aeglanehetk.ee\/wp-content\/uploads\/2021\/05\/Aeglane-hetk-logo_versioon_1_veeb_465x300px.jpg","width":465,"height":300,"caption":"Aeglane hetk"},"image":{"@id":"https:\/\/aeglanehetk.ee\/en\/#\/schema\/logo\/image\/"}}]}},"_links":{"self":[{"href":"https:\/\/aeglanehetk.ee\/en\/wp-json\/wp\/v2\/product\/1393","targetHints":{"allow":["GET"]}}],"collection":[{"href":"https:\/\/aeglanehetk.ee\/en\/wp-json\/wp\/v2\/product"}],"about":[{"href":"https:\/\/aeglanehetk.ee\/en\/wp-json\/wp\/v2\/types\/product"}],"wp:featuredmedia":[{"embeddable":true,"href":"https:\/\/aeglanehetk.ee\/en\/wp-json\/wp\/v2\/media\/444"}],"wp:attachment":[{"href":"https:\/\/aeglanehetk.ee\/en\/wp-json\/wp\/v2\/media?parent=1393"}],"wp:term":[{"taxonomy":"product_brand","embeddable":true,"href":"https:\/\/aeglanehetk.ee\/en\/wp-json\/wp\/v2\/product_brand?post=1393"},{"taxonomy":"product_cat","embeddable":true,"href":"https:\/\/aeglanehetk.ee\/en\/wp-json\/wp\/v2\/product_cat?post=1393"},{"taxonomy":"product_tag","embeddable":true,"href":"https:\/\/aeglanehetk.ee\/en\/wp-json\/wp\/v2\/product_tag?post=1393"}],"curies":[{"name":"wp","href":"https:\/\/api.w.org\/{rel}","templated":true}]}}