{"id":1380,"date":"2021-11-25T22:11:10","date_gmt":"2021-11-25T20:11:10","guid":{"rendered":"https:\/\/aeglanehetk.ee\/toode\/1380\/"},"modified":"2024-06-10T18:57:07","modified_gmt":"2024-06-10T15:57:07","slug":"idupere","status":"publish","type":"product","link":"https:\/\/aeglanehetk.ee\/en\/product\/idupere\/","title":{"rendered":"Idupere"},"content":{"rendered":"<p>The nucleus colonies created in the current year with a new, same-year Buckfast queen are designed for rapid development. Depending on the time of creation and local foraging conditions, these colonies may produce a good honey yield within the same year. The colony includes:<\/p>\n<ul>\n<li>A young Buckfast queen that emerged and started laying eggs current year, with verified successful brood rearing;<\/li>\n<li>Bees that densely cover most of the frames;<\/li>\n<li>Brood frames, both capped and uncapped, make up more than half of the frames;<\/li>\n<li>Feed frames with enough food and pollen for the colony\u2019s development.<\/li>\n<\/ul>\n<p>The apiary regularly monitors varroa mite levels and performs effective treatments. The beekeeper is a graduate of the Olustvere Service and Rural Economics School, specializing in beekeeping.<\/p>\n<p>The price of the colony includes, at minimum,<strong>\u00a0five frames in a solid wood box with a bottom board and insulated metal roof<\/strong>. The bottom board and roof can also be used for a full-sized 10-frame hive box as the colony expands.<strong>\u00a0A larger nucleus colony consists of 10 Farrar frames in one hive box, including a board and a roof<\/strong>. The hive box is made of solid wood with a very sturdy and easy-to-handle construction. The hive bottom is wooden with a mesh, and the roof is insulated metal. All hive equipment is used but in good condition.<\/p>\n<p>Nucleus colonies are available for transfer from mid-June to the end of July, depending on the availability of new queens.<\/p>\n","protected":false},"excerpt":{"rendered":"<p style=\"text-align: left;\">Slow Moment\u2019s nucleus colonies are young, freshly established bee colonies brimming with potential and everything ahead of them. Acquire a nucleus colony for yourself to grow together and partake in rapid development.<\/p>\n<p>&nbsp;<\/p>\n","protected":false},"featured_media":819,"template":"","meta":[],"product_brand":[],"product_cat":[121],"product_tag":[147,152,149,144,130],"class_list":{"0":"post-1380","1":"product","2":"type-product","3":"status-publish","4":"has-post-thumbnail","6":"product_cat-bee-colonies","7":"product_tag-bee-colonies-sale","8":"product_tag-beekeeping","9":"product_tag-bees-sale","10":"product_tag-honey-harvest","11":"product_tag-nucleus-colony-sales","13":"first","14":"instock","15":"shipping-taxable","16":"purchasable","17":"product-type-variable"},"yoast_head":"<!-- This site is optimized with the Yoast SEO plugin v27.4 - https:\/\/yoast.com\/product\/yoast-seo-wordpress\/ -->\n<title>Idupere - Aeglane hetk<\/title>\n<meta name=\"description\" content=\"Iduperede m\u00fc\u00fck. Suvised uued mesilaspered on noore Buckfasti emaga kiiresti arenevad pered. V\u00f5imalik saada heade korjetingimuste korral samal aastal saaki.\" \/>\n<meta name=\"robots\" content=\"index, follow, max-snippet:-1, max-image-preview:large, max-video-preview:-1\" \/>\n<link rel=\"canonical\" href=\"https:\/\/aeglanehetk.ee\/en\/product\/idupere\/\" \/>\n<meta property=\"og:locale\" content=\"en_US\" \/>\n<meta property=\"og:type\" content=\"article\" \/>\n<meta property=\"og:title\" content=\"Idupere - Aeglane hetk\" \/>\n<meta property=\"og:description\" content=\"Iduperede m\u00fc\u00fck. Suvised uued mesilaspered on noore Buckfasti emaga kiiresti arenevad pered. V\u00f5imalik saada heade korjetingimuste korral samal aastal saaki.\" \/>\n<meta property=\"og:url\" content=\"https:\/\/aeglanehetk.ee\/en\/product\/idupere\/\" \/>\n<meta property=\"og:site_name\" content=\"Aeglane hetk\" \/>\n<meta property=\"article:modified_time\" content=\"2024-06-10T15:57:07+00:00\" \/>\n<meta property=\"og:image\" content=\"https:\/\/aeglanehetk.ee\/wp-content\/uploads\/2021\/11\/5-raamine-idupere.jpg\" \/>\n\t<meta property=\"og:image:width\" content=\"500\" \/>\n\t<meta property=\"og:image:height\" content=\"500\" \/>\n\t<meta property=\"og:image:type\" content=\"image\/jpeg\" \/>\n<meta name=\"twitter:card\" content=\"summary_large_image\" \/>\n<meta name=\"twitter:label1\" content=\"Est. reading time\" \/>\n\t<meta name=\"twitter:data1\" content=\"2 minutes\" \/>\n<script type=\"application\/ld+json\" class=\"yoast-schema-graph\">{\"@context\":\"https:\\\/\\\/schema.org\",\"@graph\":[{\"@type\":\"WebPage\",\"@id\":\"https:\\\/\\\/aeglanehetk.ee\\\/en\\\/product\\\/idupere\\\/\",\"url\":\"https:\\\/\\\/aeglanehetk.ee\\\/en\\\/product\\\/idupere\\\/\",\"name\":\"Idupere - Aeglane hetk\",\"isPartOf\":{\"@id\":\"https:\\\/\\\/aeglanehetk.ee\\\/en\\\/#website\"},\"primaryImageOfPage\":{\"@id\":\"https:\\\/\\\/aeglanehetk.ee\\\/en\\\/product\\\/idupere\\\/#primaryimage\"},\"image\":{\"@id\":\"https:\\\/\\\/aeglanehetk.ee\\\/en\\\/product\\\/idupere\\\/#primaryimage\"},\"thumbnailUrl\":\"https:\\\/\\\/aeglanehetk.ee\\\/wp-content\\\/uploads\\\/2021\\\/11\\\/5-raamine-idupere.jpg\",\"datePublished\":\"2021-11-25T20:11:10+00:00\",\"dateModified\":\"2024-06-10T15:57:07+00:00\",\"description\":\"Iduperede m\u00fc\u00fck. Suvised uued mesilaspered on noore Buckfasti emaga kiiresti arenevad pered. V\u00f5imalik saada heade korjetingimuste korral samal aastal saaki.\",\"breadcrumb\":{\"@id\":\"https:\\\/\\\/aeglanehetk.ee\\\/en\\\/product\\\/idupere\\\/#breadcrumb\"},\"inLanguage\":\"en-US\",\"potentialAction\":[{\"@type\":\"ReadAction\",\"target\":[\"https:\\\/\\\/aeglanehetk.ee\\\/en\\\/product\\\/idupere\\\/\"]}]},{\"@type\":\"ImageObject\",\"inLanguage\":\"en-US\",\"@id\":\"https:\\\/\\\/aeglanehetk.ee\\\/en\\\/product\\\/idupere\\\/#primaryimage\",\"url\":\"https:\\\/\\\/aeglanehetk.ee\\\/wp-content\\\/uploads\\\/2021\\\/11\\\/5-raamine-idupere.jpg\",\"contentUrl\":\"https:\\\/\\\/aeglanehetk.ee\\\/wp-content\\\/uploads\\\/2021\\\/11\\\/5-raamine-idupere.jpg\",\"width\":500,\"height\":500,\"caption\":\"binary comment\"},{\"@type\":\"BreadcrumbList\",\"@id\":\"https:\\\/\\\/aeglanehetk.ee\\\/en\\\/product\\\/idupere\\\/#breadcrumb\",\"itemListElement\":[{\"@type\":\"ListItem\",\"position\":1,\"name\":\"Home\",\"item\":\"https:\\\/\\\/aeglanehetk.ee\\\/en\\\/\"},{\"@type\":\"ListItem\",\"position\":2,\"name\":\"Shop\",\"item\":\"https:\\\/\\\/aeglanehetk.ee\\\/shop\\\/?lang=en\"},{\"@type\":\"ListItem\",\"position\":3,\"name\":\"Idupere\"}]},{\"@type\":\"WebSite\",\"@id\":\"https:\\\/\\\/aeglanehetk.ee\\\/en\\\/#website\",\"url\":\"https:\\\/\\\/aeglanehetk.ee\\\/en\\\/\",\"name\":\"Aeglane hetk\",\"description\":\"Aeglane hetk v\u00e4\u00e4rtustab aeglust ja hetki\",\"publisher\":{\"@id\":\"https:\\\/\\\/aeglanehetk.ee\\\/en\\\/#organization\"},\"potentialAction\":[{\"@type\":\"SearchAction\",\"target\":{\"@type\":\"EntryPoint\",\"urlTemplate\":\"https:\\\/\\\/aeglanehetk.ee\\\/en\\\/?s={search_term_string}\"},\"query-input\":{\"@type\":\"PropertyValueSpecification\",\"valueRequired\":true,\"valueName\":\"search_term_string\"}}],\"inLanguage\":\"en-US\"},{\"@type\":\"Organization\",\"@id\":\"https:\\\/\\\/aeglanehetk.ee\\\/en\\\/#organization\",\"name\":\"Aeglane hetk\",\"url\":\"https:\\\/\\\/aeglanehetk.ee\\\/en\\\/\",\"logo\":{\"@type\":\"ImageObject\",\"inLanguage\":\"en-US\",\"@id\":\"https:\\\/\\\/aeglanehetk.ee\\\/en\\\/#\\\/schema\\\/logo\\\/image\\\/\",\"url\":\"https:\\\/\\\/aeglanehetk.ee\\\/wp-content\\\/uploads\\\/2021\\\/05\\\/Aeglane-hetk-logo_versioon_1_veeb_465x300px.jpg\",\"contentUrl\":\"https:\\\/\\\/aeglanehetk.ee\\\/wp-content\\\/uploads\\\/2021\\\/05\\\/Aeglane-hetk-logo_versioon_1_veeb_465x300px.jpg\",\"width\":465,\"height\":300,\"caption\":\"Aeglane hetk\"},\"image\":{\"@id\":\"https:\\\/\\\/aeglanehetk.ee\\\/en\\\/#\\\/schema\\\/logo\\\/image\\\/\"}}]}<\/script>\n<!-- \/ Yoast SEO plugin. -->","yoast_head_json":{"title":"Idupere - Aeglane hetk","description":"Iduperede m\u00fc\u00fck. Suvised uued mesilaspered on noore Buckfasti emaga kiiresti arenevad pered. V\u00f5imalik saada heade korjetingimuste korral samal aastal saaki.","robots":{"index":"index","follow":"follow","max-snippet":"max-snippet:-1","max-image-preview":"max-image-preview:large","max-video-preview":"max-video-preview:-1"},"canonical":"https:\/\/aeglanehetk.ee\/en\/product\/idupere\/","og_locale":"en_US","og_type":"article","og_title":"Idupere - Aeglane hetk","og_description":"Iduperede m\u00fc\u00fck. Suvised uued mesilaspered on noore Buckfasti emaga kiiresti arenevad pered. V\u00f5imalik saada heade korjetingimuste korral samal aastal saaki.","og_url":"https:\/\/aeglanehetk.ee\/en\/product\/idupere\/","og_site_name":"Aeglane hetk","article_modified_time":"2024-06-10T15:57:07+00:00","og_image":[{"width":500,"height":500,"url":"https:\/\/aeglanehetk.ee\/wp-content\/uploads\/2021\/11\/5-raamine-idupere.jpg","type":"image\/jpeg"}],"twitter_card":"summary_large_image","twitter_misc":{"Est. reading time":"2 minutes"},"schema":{"@context":"https:\/\/schema.org","@graph":[{"@type":"WebPage","@id":"https:\/\/aeglanehetk.ee\/en\/product\/idupere\/","url":"https:\/\/aeglanehetk.ee\/en\/product\/idupere\/","name":"Idupere - Aeglane hetk","isPartOf":{"@id":"https:\/\/aeglanehetk.ee\/en\/#website"},"primaryImageOfPage":{"@id":"https:\/\/aeglanehetk.ee\/en\/product\/idupere\/#primaryimage"},"image":{"@id":"https:\/\/aeglanehetk.ee\/en\/product\/idupere\/#primaryimage"},"thumbnailUrl":"https:\/\/aeglanehetk.ee\/wp-content\/uploads\/2021\/11\/5-raamine-idupere.jpg","datePublished":"2021-11-25T20:11:10+00:00","dateModified":"2024-06-10T15:57:07+00:00","description":"Iduperede m\u00fc\u00fck. Suvised uued mesilaspered on noore Buckfasti emaga kiiresti arenevad pered. V\u00f5imalik saada heade korjetingimuste korral samal aastal saaki.","breadcrumb":{"@id":"https:\/\/aeglanehetk.ee\/en\/product\/idupere\/#breadcrumb"},"inLanguage":"en-US","potentialAction":[{"@type":"ReadAction","target":["https:\/\/aeglanehetk.ee\/en\/product\/idupere\/"]}]},{"@type":"ImageObject","inLanguage":"en-US","@id":"https:\/\/aeglanehetk.ee\/en\/product\/idupere\/#primaryimage","url":"https:\/\/aeglanehetk.ee\/wp-content\/uploads\/2021\/11\/5-raamine-idupere.jpg","contentUrl":"https:\/\/aeglanehetk.ee\/wp-content\/uploads\/2021\/11\/5-raamine-idupere.jpg","width":500,"height":500,"caption":"binary comment"},{"@type":"BreadcrumbList","@id":"https:\/\/aeglanehetk.ee\/en\/product\/idupere\/#breadcrumb","itemListElement":[{"@type":"ListItem","position":1,"name":"Home","item":"https:\/\/aeglanehetk.ee\/en\/"},{"@type":"ListItem","position":2,"name":"Shop","item":"https:\/\/aeglanehetk.ee\/shop\/?lang=en"},{"@type":"ListItem","position":3,"name":"Idupere"}]},{"@type":"WebSite","@id":"https:\/\/aeglanehetk.ee\/en\/#website","url":"https:\/\/aeglanehetk.ee\/en\/","name":"Aeglane hetk","description":"Aeglane hetk v\u00e4\u00e4rtustab aeglust ja hetki","publisher":{"@id":"https:\/\/aeglanehetk.ee\/en\/#organization"},"potentialAction":[{"@type":"SearchAction","target":{"@type":"EntryPoint","urlTemplate":"https:\/\/aeglanehetk.ee\/en\/?s={search_term_string}"},"query-input":{"@type":"PropertyValueSpecification","valueRequired":true,"valueName":"search_term_string"}}],"inLanguage":"en-US"},{"@type":"Organization","@id":"https:\/\/aeglanehetk.ee\/en\/#organization","name":"Aeglane hetk","url":"https:\/\/aeglanehetk.ee\/en\/","logo":{"@type":"ImageObject","inLanguage":"en-US","@id":"https:\/\/aeglanehetk.ee\/en\/#\/schema\/logo\/image\/","url":"https:\/\/aeglanehetk.ee\/wp-content\/uploads\/2021\/05\/Aeglane-hetk-logo_versioon_1_veeb_465x300px.jpg","contentUrl":"https:\/\/aeglanehetk.ee\/wp-content\/uploads\/2021\/05\/Aeglane-hetk-logo_versioon_1_veeb_465x300px.jpg","width":465,"height":300,"caption":"Aeglane hetk"},"image":{"@id":"https:\/\/aeglanehetk.ee\/en\/#\/schema\/logo\/image\/"}}]}},"_links":{"self":[{"href":"https:\/\/aeglanehetk.ee\/en\/wp-json\/wp\/v2\/product\/1380","targetHints":{"allow":["GET"]}}],"collection":[{"href":"https:\/\/aeglanehetk.ee\/en\/wp-json\/wp\/v2\/product"}],"about":[{"href":"https:\/\/aeglanehetk.ee\/en\/wp-json\/wp\/v2\/types\/product"}],"wp:featuredmedia":[{"embeddable":true,"href":"https:\/\/aeglanehetk.ee\/en\/wp-json\/wp\/v2\/media\/819"}],"wp:attachment":[{"href":"https:\/\/aeglanehetk.ee\/en\/wp-json\/wp\/v2\/media?parent=1380"}],"wp:term":[{"taxonomy":"product_brand","embeddable":true,"href":"https:\/\/aeglanehetk.ee\/en\/wp-json\/wp\/v2\/product_brand?post=1380"},{"taxonomy":"product_cat","embeddable":true,"href":"https:\/\/aeglanehetk.ee\/en\/wp-json\/wp\/v2\/product_cat?post=1380"},{"taxonomy":"product_tag","embeddable":true,"href":"https:\/\/aeglanehetk.ee\/en\/wp-json\/wp\/v2\/product_tag?post=1380"}],"curies":[{"name":"wp","href":"https:\/\/api.w.org\/{rel}","templated":true}]}}