{"id":1376,"date":"2022-11-25T20:25:16","date_gmt":"2022-11-25T18:25:16","guid":{"rendered":"https:\/\/aeglanehetk.ee\/toode\/1376\/"},"modified":"2024-04-02T09:49:26","modified_gmt":"2024-04-02T06:49:26","slug":"large-beeswax-candle-making-kit","status":"publish","type":"product","link":"https:\/\/aeglanehetk.ee\/en\/product\/large-beeswax-candle-making-kit\/","title":{"rendered":"Large beeswax candle making kit"},"content":{"rendered":"<p>A beeswax candle is the only candle product made from 100% natural, eco-friendly, and local material. When burning, a beeswax candle emits the sweet aroma of beeswax without any added fragrances.<\/p>\n<p>Unlike paraffin, which is a by-product of oil production, beeswax candles burn cleanly. Literature suggests that beeswax neutralizes airborne pollutants, allergens, and dust particles when burned; scientific evidence in this area is still under investigation. Candles made from soy, rapeseed, palm, and coconut waxes offered in Estonia are made from imported materials and thus have a larger environmental footprint.<\/p>\n<p>The wax for this set is collected from hives in P\u00e4rnumaa, located in Kastna coastal meadows, J\u00e4\u00e4rumetsa, and near N\u00e4tsi-V\u00f5lla bog. Bees use beeswax to make honeycomb cells, which they need for raising their offspring and storing pollen and nectar. Young worker bees produce wax sheets and build combs. A bee family produces the most wax during its active growth and foraging period in May and June, when new comb cells are needed and honey-filled cells are capped with wax.<\/p>\n<p>Making beeswax candles is a pleasant manual activity for children, resulting in a beautiful product. It&#8217;s a good opportunity to discuss fire safety with children while crafting candles.<\/p>\n<p>The crafting kit includes everything needed to make five candles, each 14 cm tall and 2 cm in diameter:<\/p>\n<ul>\n<li>5 wax sheets measuring 14*21 cm<\/li>\n<li>Candle wick for 5 candles<\/li>\n<li>Crafting instructions<\/li>\n<\/ul>\n<p>When burning a candle, be cautious and follow fire safety rules. Never leave a candle unattended and keep it away from flammable materials. If burning multiple candles at once, leave at least 10 cm between them to prevent dangerous heat build-up and ensure even burning.<\/p>\n","protected":false},"excerpt":{"rendered":"<div class=\"flex-1 overflow-hidden\">\n<div class=\"react-scroll-to-bottom--css-khlsq-79elbk h-full\">\n<div class=\"react-scroll-to-bottom--css-khlsq-1n7m0yu\">\n<div class=\"flex flex-col text-sm pb-9\">\n<div class=\"w-full text-token-text-primary\" data-testid=\"conversation-turn-9\">\n<div class=\"px-4 py-2 justify-center text-base md:gap-6 m-auto\">\n<div class=\"flex flex-1 text-base mx-auto gap-3 md:px-5 lg:px-1 xl:px-5 md:max-w-3xl lg:max-w-[40rem] xl:max-w-[48rem] group final-completion\">\n<div class=\"relative flex w-full flex-col agent-turn\">\n<div class=\"flex-col gap-1 md:gap-3\">\n<div class=\"flex flex-grow flex-col max-w-full\">\n<div class=\"min-h-[20px] text-message flex flex-col items-start gap-3 whitespace-pre-wrap break-words [.text-message+&amp;]:mt-5 overflow-x-auto\" data-message-author-role=\"assistant\" data-message-id=\"30fff057-2aa5-4148-8961-554073498f84\">\n<div class=\"markdown prose w-full break-words dark:prose-invert dark\">\n<p>Take a slow moment to craft beeswax candles by yourself or with family and friends. They&#8217;re perfect for adding visual beauty, creating a cozy atmosphere, and soothing the soul.<\/p>\n<\/div>\n<\/div>\n<\/div>\n<div class=\"mt-1 flex justify-start gap-3 empty:hidden\">\n<div class=\"text-gray-400 flex self-end lg:self-center items-center justify-center lg:justify-start mt-0 -ml-1 h-7 gap-[2px] visible\">\n<p>&nbsp;<\/p>\n<div class=\"flex items-center gap-1.5 text-xs\"><\/div>\n<div class=\"flex\"><\/div>\n<\/div>\n<\/div>\n<div class=\"pr-2 lg:pr-0\"><\/div>\n<\/div>\n<\/div>\n<\/div>\n<\/div>\n<\/div>\n<\/div>\n<\/div>\n<\/div>\n<\/div>\n<div class=\"w-full pt-2 md:pt-0 dark:border-white\/20 md:border-transparent md:dark:border-transparent md:w-[calc(100%-.5rem)]\">\n<form class=\"stretch mx-2 flex flex-row gap-3 last:mb-2 md:mx-4 md:last:mb-6 lg:mx-auto lg:max-w-2xl xl:max-w-3xl\">\n<div class=\"relative flex h-full flex-1 flex-col\">\n<div class=\"flex w-full items-center\"><\/div>\n<\/div>\n<\/form>\n<\/div>\n","protected":false},"featured_media":1133,"template":"","meta":[],"product_brand":[],"product_cat":[113],"product_tag":[151,122,162],"class_list":{"0":"post-1376","1":"product","2":"type-product","3":"status-publish","4":"has-post-thumbnail","6":"product_cat-candles","7":"product_tag-beeswax-candles","8":"product_tag-diy-en","9":"product_tag-do-it-yourself","11":"first","12":"instock","13":"shipping-taxable","14":"purchasable","15":"product-type-simple"},"yoast_head":"<!-- This site is optimized with the Yoast SEO plugin v27.3 - https:\/\/yoast.com\/product\/yoast-seo-wordpress\/ -->\n<title>Large beeswax candle making kit - Aeglane hetk<\/title>\n<meta name=\"description\" content=\"Take a slow moment for yourself and craft beeswax candles alone or together with family and friends. For visual pleasure, cozy being, and soul soothing.\" \/>\n<meta name=\"robots\" content=\"index, follow, max-snippet:-1, max-image-preview:large, max-video-preview:-1\" \/>\n<link rel=\"canonical\" href=\"https:\/\/aeglanehetk.ee\/en\/product\/large-beeswax-candle-making-kit\/\" \/>\n<meta property=\"og:locale\" content=\"en_US\" \/>\n<meta property=\"og:type\" content=\"article\" \/>\n<meta property=\"og:title\" content=\"Large beeswax candle making kit - Aeglane hetk\" \/>\n<meta property=\"og:description\" content=\"Take a slow moment for yourself and craft beeswax candles alone or together with family and friends. For visual pleasure, cozy being, and soul soothing.\" \/>\n<meta property=\"og:url\" content=\"https:\/\/aeglanehetk.ee\/en\/product\/large-beeswax-candle-making-kit\/\" \/>\n<meta property=\"og:site_name\" content=\"Aeglane hetk\" \/>\n<meta property=\"article:modified_time\" content=\"2024-04-02T06:49:26+00:00\" \/>\n<meta property=\"og:image\" content=\"https:\/\/aeglanehetk.ee\/wp-content\/uploads\/2022\/11\/2-1726-scaled-e1669396752541.jpg\" \/>\n\t<meta property=\"og:image:width\" content=\"2560\" \/>\n\t<meta property=\"og:image:height\" content=\"1707\" \/>\n\t<meta property=\"og:image:type\" content=\"image\/jpeg\" \/>\n<meta name=\"twitter:card\" content=\"summary_large_image\" \/>\n<meta name=\"twitter:label1\" content=\"Est. reading time\" \/>\n\t<meta name=\"twitter:data1\" content=\"2 minutes\" \/>\n<script type=\"application\/ld+json\" class=\"yoast-schema-graph\">{\"@context\":\"https:\\\/\\\/schema.org\",\"@graph\":[{\"@type\":\"WebPage\",\"@id\":\"https:\\\/\\\/aeglanehetk.ee\\\/en\\\/product\\\/large-beeswax-candle-making-kit\\\/\",\"url\":\"https:\\\/\\\/aeglanehetk.ee\\\/en\\\/product\\\/large-beeswax-candle-making-kit\\\/\",\"name\":\"Large beeswax candle making kit - Aeglane hetk\",\"isPartOf\":{\"@id\":\"https:\\\/\\\/aeglanehetk.ee\\\/en\\\/#website\"},\"primaryImageOfPage\":{\"@id\":\"https:\\\/\\\/aeglanehetk.ee\\\/en\\\/product\\\/large-beeswax-candle-making-kit\\\/#primaryimage\"},\"image\":{\"@id\":\"https:\\\/\\\/aeglanehetk.ee\\\/en\\\/product\\\/large-beeswax-candle-making-kit\\\/#primaryimage\"},\"thumbnailUrl\":\"https:\\\/\\\/aeglanehetk.ee\\\/wp-content\\\/uploads\\\/2022\\\/11\\\/2-1726-scaled-e1669396752541.jpg\",\"datePublished\":\"2022-11-25T18:25:16+00:00\",\"dateModified\":\"2024-04-02T06:49:26+00:00\",\"description\":\"Take a slow moment for yourself and craft beeswax candles alone or together with family and friends. For visual pleasure, cozy being, and soul soothing.\",\"breadcrumb\":{\"@id\":\"https:\\\/\\\/aeglanehetk.ee\\\/en\\\/product\\\/large-beeswax-candle-making-kit\\\/#breadcrumb\"},\"inLanguage\":\"en-US\",\"potentialAction\":[{\"@type\":\"ReadAction\",\"target\":[\"https:\\\/\\\/aeglanehetk.ee\\\/en\\\/product\\\/large-beeswax-candle-making-kit\\\/\"]}]},{\"@type\":\"ImageObject\",\"inLanguage\":\"en-US\",\"@id\":\"https:\\\/\\\/aeglanehetk.ee\\\/en\\\/product\\\/large-beeswax-candle-making-kit\\\/#primaryimage\",\"url\":\"https:\\\/\\\/aeglanehetk.ee\\\/wp-content\\\/uploads\\\/2022\\\/11\\\/2-1726-scaled-e1669396752541.jpg\",\"contentUrl\":\"https:\\\/\\\/aeglanehetk.ee\\\/wp-content\\\/uploads\\\/2022\\\/11\\\/2-1726-scaled-e1669396752541.jpg\",\"width\":2560,\"height\":1707,\"caption\":\"Aeglase hetke k\u00fc\u00fcnlad\"},{\"@type\":\"BreadcrumbList\",\"@id\":\"https:\\\/\\\/aeglanehetk.ee\\\/en\\\/product\\\/large-beeswax-candle-making-kit\\\/#breadcrumb\",\"itemListElement\":[{\"@type\":\"ListItem\",\"position\":1,\"name\":\"Home\",\"item\":\"https:\\\/\\\/aeglanehetk.ee\\\/en\\\/\"},{\"@type\":\"ListItem\",\"position\":2,\"name\":\"Shop\",\"item\":\"https:\\\/\\\/aeglanehetk.ee\\\/shop\\\/?lang=en\"},{\"@type\":\"ListItem\",\"position\":3,\"name\":\"Large beeswax candle making kit\"}]},{\"@type\":\"WebSite\",\"@id\":\"https:\\\/\\\/aeglanehetk.ee\\\/en\\\/#website\",\"url\":\"https:\\\/\\\/aeglanehetk.ee\\\/en\\\/\",\"name\":\"Aeglane hetk\",\"description\":\"Aeglane hetk v\u00e4\u00e4rtustab aeglust ja hetki\",\"publisher\":{\"@id\":\"https:\\\/\\\/aeglanehetk.ee\\\/en\\\/#organization\"},\"potentialAction\":[{\"@type\":\"SearchAction\",\"target\":{\"@type\":\"EntryPoint\",\"urlTemplate\":\"https:\\\/\\\/aeglanehetk.ee\\\/en\\\/?s={search_term_string}\"},\"query-input\":{\"@type\":\"PropertyValueSpecification\",\"valueRequired\":true,\"valueName\":\"search_term_string\"}}],\"inLanguage\":\"en-US\"},{\"@type\":\"Organization\",\"@id\":\"https:\\\/\\\/aeglanehetk.ee\\\/en\\\/#organization\",\"name\":\"Aeglane hetk\",\"url\":\"https:\\\/\\\/aeglanehetk.ee\\\/en\\\/\",\"logo\":{\"@type\":\"ImageObject\",\"inLanguage\":\"en-US\",\"@id\":\"https:\\\/\\\/aeglanehetk.ee\\\/en\\\/#\\\/schema\\\/logo\\\/image\\\/\",\"url\":\"https:\\\/\\\/aeglanehetk.ee\\\/wp-content\\\/uploads\\\/2021\\\/05\\\/Aeglane-hetk-logo_versioon_1_veeb_465x300px.jpg\",\"contentUrl\":\"https:\\\/\\\/aeglanehetk.ee\\\/wp-content\\\/uploads\\\/2021\\\/05\\\/Aeglane-hetk-logo_versioon_1_veeb_465x300px.jpg\",\"width\":465,\"height\":300,\"caption\":\"Aeglane hetk\"},\"image\":{\"@id\":\"https:\\\/\\\/aeglanehetk.ee\\\/en\\\/#\\\/schema\\\/logo\\\/image\\\/\"}}]}<\/script>\n<!-- \/ Yoast SEO plugin. -->","yoast_head_json":{"title":"Large beeswax candle making kit - Aeglane hetk","description":"Take a slow moment for yourself and craft beeswax candles alone or together with family and friends. For visual pleasure, cozy being, and soul soothing.","robots":{"index":"index","follow":"follow","max-snippet":"max-snippet:-1","max-image-preview":"max-image-preview:large","max-video-preview":"max-video-preview:-1"},"canonical":"https:\/\/aeglanehetk.ee\/en\/product\/large-beeswax-candle-making-kit\/","og_locale":"en_US","og_type":"article","og_title":"Large beeswax candle making kit - Aeglane hetk","og_description":"Take a slow moment for yourself and craft beeswax candles alone or together with family and friends. For visual pleasure, cozy being, and soul soothing.","og_url":"https:\/\/aeglanehetk.ee\/en\/product\/large-beeswax-candle-making-kit\/","og_site_name":"Aeglane hetk","article_modified_time":"2024-04-02T06:49:26+00:00","og_image":[{"width":2560,"height":1707,"url":"https:\/\/aeglanehetk.ee\/wp-content\/uploads\/2022\/11\/2-1726-scaled-e1669396752541.jpg","type":"image\/jpeg"}],"twitter_card":"summary_large_image","twitter_misc":{"Est. reading time":"2 minutes"},"schema":{"@context":"https:\/\/schema.org","@graph":[{"@type":"WebPage","@id":"https:\/\/aeglanehetk.ee\/en\/product\/large-beeswax-candle-making-kit\/","url":"https:\/\/aeglanehetk.ee\/en\/product\/large-beeswax-candle-making-kit\/","name":"Large beeswax candle making kit - Aeglane hetk","isPartOf":{"@id":"https:\/\/aeglanehetk.ee\/en\/#website"},"primaryImageOfPage":{"@id":"https:\/\/aeglanehetk.ee\/en\/product\/large-beeswax-candle-making-kit\/#primaryimage"},"image":{"@id":"https:\/\/aeglanehetk.ee\/en\/product\/large-beeswax-candle-making-kit\/#primaryimage"},"thumbnailUrl":"https:\/\/aeglanehetk.ee\/wp-content\/uploads\/2022\/11\/2-1726-scaled-e1669396752541.jpg","datePublished":"2022-11-25T18:25:16+00:00","dateModified":"2024-04-02T06:49:26+00:00","description":"Take a slow moment for yourself and craft beeswax candles alone or together with family and friends. For visual pleasure, cozy being, and soul soothing.","breadcrumb":{"@id":"https:\/\/aeglanehetk.ee\/en\/product\/large-beeswax-candle-making-kit\/#breadcrumb"},"inLanguage":"en-US","potentialAction":[{"@type":"ReadAction","target":["https:\/\/aeglanehetk.ee\/en\/product\/large-beeswax-candle-making-kit\/"]}]},{"@type":"ImageObject","inLanguage":"en-US","@id":"https:\/\/aeglanehetk.ee\/en\/product\/large-beeswax-candle-making-kit\/#primaryimage","url":"https:\/\/aeglanehetk.ee\/wp-content\/uploads\/2022\/11\/2-1726-scaled-e1669396752541.jpg","contentUrl":"https:\/\/aeglanehetk.ee\/wp-content\/uploads\/2022\/11\/2-1726-scaled-e1669396752541.jpg","width":2560,"height":1707,"caption":"Aeglase hetke k\u00fc\u00fcnlad"},{"@type":"BreadcrumbList","@id":"https:\/\/aeglanehetk.ee\/en\/product\/large-beeswax-candle-making-kit\/#breadcrumb","itemListElement":[{"@type":"ListItem","position":1,"name":"Home","item":"https:\/\/aeglanehetk.ee\/en\/"},{"@type":"ListItem","position":2,"name":"Shop","item":"https:\/\/aeglanehetk.ee\/shop\/?lang=en"},{"@type":"ListItem","position":3,"name":"Large beeswax candle making kit"}]},{"@type":"WebSite","@id":"https:\/\/aeglanehetk.ee\/en\/#website","url":"https:\/\/aeglanehetk.ee\/en\/","name":"Aeglane hetk","description":"Aeglane hetk v\u00e4\u00e4rtustab aeglust ja hetki","publisher":{"@id":"https:\/\/aeglanehetk.ee\/en\/#organization"},"potentialAction":[{"@type":"SearchAction","target":{"@type":"EntryPoint","urlTemplate":"https:\/\/aeglanehetk.ee\/en\/?s={search_term_string}"},"query-input":{"@type":"PropertyValueSpecification","valueRequired":true,"valueName":"search_term_string"}}],"inLanguage":"en-US"},{"@type":"Organization","@id":"https:\/\/aeglanehetk.ee\/en\/#organization","name":"Aeglane hetk","url":"https:\/\/aeglanehetk.ee\/en\/","logo":{"@type":"ImageObject","inLanguage":"en-US","@id":"https:\/\/aeglanehetk.ee\/en\/#\/schema\/logo\/image\/","url":"https:\/\/aeglanehetk.ee\/wp-content\/uploads\/2021\/05\/Aeglane-hetk-logo_versioon_1_veeb_465x300px.jpg","contentUrl":"https:\/\/aeglanehetk.ee\/wp-content\/uploads\/2021\/05\/Aeglane-hetk-logo_versioon_1_veeb_465x300px.jpg","width":465,"height":300,"caption":"Aeglane hetk"},"image":{"@id":"https:\/\/aeglanehetk.ee\/en\/#\/schema\/logo\/image\/"}}]}},"_links":{"self":[{"href":"https:\/\/aeglanehetk.ee\/en\/wp-json\/wp\/v2\/product\/1376","targetHints":{"allow":["GET"]}}],"collection":[{"href":"https:\/\/aeglanehetk.ee\/en\/wp-json\/wp\/v2\/product"}],"about":[{"href":"https:\/\/aeglanehetk.ee\/en\/wp-json\/wp\/v2\/types\/product"}],"wp:featuredmedia":[{"embeddable":true,"href":"https:\/\/aeglanehetk.ee\/en\/wp-json\/wp\/v2\/media\/1133"}],"wp:attachment":[{"href":"https:\/\/aeglanehetk.ee\/en\/wp-json\/wp\/v2\/media?parent=1376"}],"wp:term":[{"taxonomy":"product_brand","embeddable":true,"href":"https:\/\/aeglanehetk.ee\/en\/wp-json\/wp\/v2\/product_brand?post=1376"},{"taxonomy":"product_cat","embeddable":true,"href":"https:\/\/aeglanehetk.ee\/en\/wp-json\/wp\/v2\/product_cat?post=1376"},{"taxonomy":"product_tag","embeddable":true,"href":"https:\/\/aeglanehetk.ee\/en\/wp-json\/wp\/v2\/product_tag?post=1376"}],"curies":[{"name":"wp","href":"https:\/\/api.w.org\/{rel}","templated":true}]}}