{"id":1375,"date":"2023-11-28T14:51:49","date_gmt":"2023-11-28T12:51:49","guid":{"rendered":"https:\/\/aeglanehetk.ee\/toode\/1375\/"},"modified":"2024-04-02T09:43:14","modified_gmt":"2024-04-02T06:43:14","slug":"beeswax-candles-5-pcs","status":"publish","type":"product","link":"https:\/\/aeglanehetk.ee\/en\/product\/beeswax-candles-5-pcs\/","title":{"rendered":"Beeswax candles, 5 pcs"},"content":{"rendered":"<p>The set of beeswax candles includes five candles, each 14 cm tall and 2 cm in diameter, made entirely from beeswax. These candles are 100% natural, eco-friendly, and sourced from Estonia.<\/p>\n<p>There&#8217;s a significant difference between these and other candles. Unlike paraffin, a by-product of oil production, beeswax candles burn cleanly and are noted in literature for their ability to neutralize airborne pollutants, allergens, and dust particles. The soy, rapeseed, palm, and coconut wax candles we offer are imported to Estonia, hence they are made from materials with a larger environmental footprint.<\/p>\n<p>Our candles are made from wax produced by bees in P\u00e4rnumaa, sourced from the coastal meadows of Kastna, J\u00e4\u00e4rumetsa forests, T\u00f5hela and N\u00e4tsi-V\u00f5lla bogs. Bees use this wax to build honeycomb cells for raising their young and storing food supplies. The bee family produces the most wax during the peak of their active growth and foraging in May and June, when new honeycomb cells are needed, and honey cells are capped with wax. By autumn, there is a surplus of honeycomb, allowing the wax to be used for candle making.<\/p>\n<p>Beeswax candles emit the sweet aroma of the hive when burned, without the addition of any fragrances or scents. Each candle has a burn time of approximately 1 hour and 50 minutes.<\/p>\n<p>When burning a candle, be cautious and follow fire safety rules. Never leave a candle unattended and keep it away from flammable materials. If burning multiple candles at once, leave at least 10 cm between them to prevent dangerous heat build-up and ensure even burning.<\/p>\n","protected":false},"excerpt":{"rendered":"<div class=\"w-full text-token-text-primary\" data-testid=\"conversation-turn-7\">\n<div class=\"px-4 py-2 justify-center text-base md:gap-6 m-auto\">\n<div class=\"flex flex-1 text-base mx-auto gap-3 md:px-5 lg:px-1 xl:px-5 md:max-w-3xl lg:max-w-[40rem] xl:max-w-[48rem] group final-completion\">\n<div class=\"relative flex w-full flex-col agent-turn\">\n<div class=\"flex-col gap-1 md:gap-3\">\n<div class=\"flex flex-grow flex-col max-w-full\">\n<div class=\"min-h-[20px] text-message flex flex-col items-start gap-3 whitespace-pre-wrap break-words [.text-message+&amp;]:mt-5 overflow-x-auto\" data-message-author-role=\"assistant\" data-message-id=\"2185d25d-5ec5-4776-a18f-a4b2f79cafa0\">\n<div class=\"markdown prose w-full break-words dark:prose-invert dark\">\n<p>Enjoy slow moments on dark evenings; natural beeswax candles bring coziness and the sweet scent of nature into your home.<\/p>\n<\/div>\n<\/div>\n<\/div>\n<div class=\"mt-1 flex justify-start gap-3 empty:hidden\">\n<div class=\"text-gray-400 flex self-end lg:self-center items-center justify-center lg:justify-start mt-0 -ml-1 h-7 gap-[2px] visible\">\n<p>&nbsp;<\/p>\n<div class=\"flex items-center gap-1.5 text-xs\"><\/div>\n<div class=\"flex\"><\/div>\n<\/div>\n<\/div>\n<div class=\"pr-2 lg:pr-0\"><\/div>\n<\/div>\n<\/div>\n<\/div>\n<\/div>\n<\/div>\n<div class=\"mx-auto\">\n<div>\n<div class=\"mx-auto mt-2 inline-flex rounded-xl border border-gray-100 dark:border-gray-700\"><\/div>\n<\/div>\n<\/div>\n","protected":false},"featured_media":2212,"template":"","meta":[],"product_brand":[],"product_cat":[113],"product_tag":[150,151,139],"class_list":{"0":"post-1375","1":"product","2":"type-product","3":"status-publish","4":"has-post-thumbnail","6":"product_cat-candles","7":"product_tag-beeswax","8":"product_tag-beeswax-candles","9":"product_tag-candle","11":"first","12":"instock","13":"shipping-taxable","14":"purchasable","15":"product-type-simple"},"yoast_head":"<!-- This site is optimized with the Yoast SEO plugin v27.4 - https:\/\/yoast.com\/product\/yoast-seo-wordpress\/ -->\n<title>Beeswax candles, 5 pcs - Aeglane hetk<\/title>\n<meta name=\"description\" content=\"Beeswax candles, 5 pcs - enjoy slow moments on dark evenings, natural beeswax candles bring coziness and a honeyed nature scent to your home.\" \/>\n<meta name=\"robots\" content=\"index, follow, max-snippet:-1, max-image-preview:large, max-video-preview:-1\" \/>\n<link rel=\"canonical\" href=\"https:\/\/aeglanehetk.ee\/en\/product\/beeswax-candles-5-pcs\/\" \/>\n<meta property=\"og:locale\" content=\"en_US\" \/>\n<meta property=\"og:type\" content=\"article\" \/>\n<meta property=\"og:title\" content=\"Beeswax candles, 5 pcs - Aeglane hetk\" \/>\n<meta property=\"og:description\" content=\"Beeswax candles, 5 pcs - enjoy slow moments on dark evenings, natural beeswax candles bring coziness and a honeyed nature scent to your home.\" \/>\n<meta property=\"og:url\" content=\"https:\/\/aeglanehetk.ee\/en\/product\/beeswax-candles-5-pcs\/\" \/>\n<meta property=\"og:site_name\" content=\"Aeglane hetk\" \/>\n<meta property=\"article:modified_time\" content=\"2024-04-02T06:43:14+00:00\" \/>\n<meta property=\"og:image\" content=\"https:\/\/aeglanehetk.ee\/wp-content\/uploads\/2023\/11\/Mesilasvahast-kuunalde-komplekt-5-tk.png\" \/>\n\t<meta property=\"og:image:width\" content=\"500\" \/>\n\t<meta property=\"og:image:height\" content=\"500\" \/>\n\t<meta property=\"og:image:type\" content=\"image\/png\" \/>\n<meta name=\"twitter:card\" content=\"summary_large_image\" \/>\n<meta name=\"twitter:label1\" content=\"Est. reading time\" \/>\n\t<meta name=\"twitter:data1\" content=\"2 minutes\" \/>\n<script type=\"application\/ld+json\" class=\"yoast-schema-graph\">{\"@context\":\"https:\\\/\\\/schema.org\",\"@graph\":[{\"@type\":\"WebPage\",\"@id\":\"https:\\\/\\\/aeglanehetk.ee\\\/en\\\/product\\\/beeswax-candles-5-pcs\\\/\",\"url\":\"https:\\\/\\\/aeglanehetk.ee\\\/en\\\/product\\\/beeswax-candles-5-pcs\\\/\",\"name\":\"Beeswax candles, 5 pcs - Aeglane hetk\",\"isPartOf\":{\"@id\":\"https:\\\/\\\/aeglanehetk.ee\\\/en\\\/#website\"},\"primaryImageOfPage\":{\"@id\":\"https:\\\/\\\/aeglanehetk.ee\\\/en\\\/product\\\/beeswax-candles-5-pcs\\\/#primaryimage\"},\"image\":{\"@id\":\"https:\\\/\\\/aeglanehetk.ee\\\/en\\\/product\\\/beeswax-candles-5-pcs\\\/#primaryimage\"},\"thumbnailUrl\":\"https:\\\/\\\/aeglanehetk.ee\\\/wp-content\\\/uploads\\\/2023\\\/11\\\/Mesilasvahast-kuunalde-komplekt-5-tk-2.png\",\"datePublished\":\"2023-11-28T12:51:49+00:00\",\"dateModified\":\"2024-04-02T06:43:14+00:00\",\"description\":\"Beeswax candles, 5 pcs - enjoy slow moments on dark evenings, natural beeswax candles bring coziness and a honeyed nature scent to your home.\",\"breadcrumb\":{\"@id\":\"https:\\\/\\\/aeglanehetk.ee\\\/en\\\/product\\\/beeswax-candles-5-pcs\\\/#breadcrumb\"},\"inLanguage\":\"en-US\",\"potentialAction\":[{\"@type\":\"ReadAction\",\"target\":[\"https:\\\/\\\/aeglanehetk.ee\\\/en\\\/product\\\/beeswax-candles-5-pcs\\\/\"]}]},{\"@type\":\"ImageObject\",\"inLanguage\":\"en-US\",\"@id\":\"https:\\\/\\\/aeglanehetk.ee\\\/en\\\/product\\\/beeswax-candles-5-pcs\\\/#primaryimage\",\"url\":\"https:\\\/\\\/aeglanehetk.ee\\\/wp-content\\\/uploads\\\/2023\\\/11\\\/Mesilasvahast-kuunalde-komplekt-5-tk-2.png\",\"contentUrl\":\"https:\\\/\\\/aeglanehetk.ee\\\/wp-content\\\/uploads\\\/2023\\\/11\\\/Mesilasvahast-kuunalde-komplekt-5-tk-2.png\",\"width\":500,\"height\":500,\"caption\":\"Mesilasvahast k\u00fc\u00fcnalde komplekt 5 tk\"},{\"@type\":\"BreadcrumbList\",\"@id\":\"https:\\\/\\\/aeglanehetk.ee\\\/en\\\/product\\\/beeswax-candles-5-pcs\\\/#breadcrumb\",\"itemListElement\":[{\"@type\":\"ListItem\",\"position\":1,\"name\":\"Home\",\"item\":\"https:\\\/\\\/aeglanehetk.ee\\\/en\\\/\"},{\"@type\":\"ListItem\",\"position\":2,\"name\":\"Shop\",\"item\":\"https:\\\/\\\/aeglanehetk.ee\\\/shop\\\/?lang=en\"},{\"@type\":\"ListItem\",\"position\":3,\"name\":\"Beeswax candles, 5 pcs\"}]},{\"@type\":\"WebSite\",\"@id\":\"https:\\\/\\\/aeglanehetk.ee\\\/en\\\/#website\",\"url\":\"https:\\\/\\\/aeglanehetk.ee\\\/en\\\/\",\"name\":\"Aeglane hetk\",\"description\":\"Aeglane hetk v\u00e4\u00e4rtustab aeglust ja hetki\",\"publisher\":{\"@id\":\"https:\\\/\\\/aeglanehetk.ee\\\/en\\\/#organization\"},\"potentialAction\":[{\"@type\":\"SearchAction\",\"target\":{\"@type\":\"EntryPoint\",\"urlTemplate\":\"https:\\\/\\\/aeglanehetk.ee\\\/en\\\/?s={search_term_string}\"},\"query-input\":{\"@type\":\"PropertyValueSpecification\",\"valueRequired\":true,\"valueName\":\"search_term_string\"}}],\"inLanguage\":\"en-US\"},{\"@type\":\"Organization\",\"@id\":\"https:\\\/\\\/aeglanehetk.ee\\\/en\\\/#organization\",\"name\":\"Aeglane hetk\",\"url\":\"https:\\\/\\\/aeglanehetk.ee\\\/en\\\/\",\"logo\":{\"@type\":\"ImageObject\",\"inLanguage\":\"en-US\",\"@id\":\"https:\\\/\\\/aeglanehetk.ee\\\/en\\\/#\\\/schema\\\/logo\\\/image\\\/\",\"url\":\"https:\\\/\\\/aeglanehetk.ee\\\/wp-content\\\/uploads\\\/2021\\\/05\\\/Aeglane-hetk-logo_versioon_1_veeb_465x300px.jpg\",\"contentUrl\":\"https:\\\/\\\/aeglanehetk.ee\\\/wp-content\\\/uploads\\\/2021\\\/05\\\/Aeglane-hetk-logo_versioon_1_veeb_465x300px.jpg\",\"width\":465,\"height\":300,\"caption\":\"Aeglane hetk\"},\"image\":{\"@id\":\"https:\\\/\\\/aeglanehetk.ee\\\/en\\\/#\\\/schema\\\/logo\\\/image\\\/\"}}]}<\/script>\n<!-- \/ Yoast SEO plugin. -->","yoast_head_json":{"title":"Beeswax candles, 5 pcs - Aeglane hetk","description":"Beeswax candles, 5 pcs - enjoy slow moments on dark evenings, natural beeswax candles bring coziness and a honeyed nature scent to your home.","robots":{"index":"index","follow":"follow","max-snippet":"max-snippet:-1","max-image-preview":"max-image-preview:large","max-video-preview":"max-video-preview:-1"},"canonical":"https:\/\/aeglanehetk.ee\/en\/product\/beeswax-candles-5-pcs\/","og_locale":"en_US","og_type":"article","og_title":"Beeswax candles, 5 pcs - Aeglane hetk","og_description":"Beeswax candles, 5 pcs - enjoy slow moments on dark evenings, natural beeswax candles bring coziness and a honeyed nature scent to your home.","og_url":"https:\/\/aeglanehetk.ee\/en\/product\/beeswax-candles-5-pcs\/","og_site_name":"Aeglane hetk","article_modified_time":"2024-04-02T06:43:14+00:00","og_image":[{"width":500,"height":500,"url":"https:\/\/aeglanehetk.ee\/wp-content\/uploads\/2023\/11\/Mesilasvahast-kuunalde-komplekt-5-tk.png","type":"image\/png"}],"twitter_card":"summary_large_image","twitter_misc":{"Est. reading time":"2 minutes"},"schema":{"@context":"https:\/\/schema.org","@graph":[{"@type":"WebPage","@id":"https:\/\/aeglanehetk.ee\/en\/product\/beeswax-candles-5-pcs\/","url":"https:\/\/aeglanehetk.ee\/en\/product\/beeswax-candles-5-pcs\/","name":"Beeswax candles, 5 pcs - Aeglane hetk","isPartOf":{"@id":"https:\/\/aeglanehetk.ee\/en\/#website"},"primaryImageOfPage":{"@id":"https:\/\/aeglanehetk.ee\/en\/product\/beeswax-candles-5-pcs\/#primaryimage"},"image":{"@id":"https:\/\/aeglanehetk.ee\/en\/product\/beeswax-candles-5-pcs\/#primaryimage"},"thumbnailUrl":"https:\/\/aeglanehetk.ee\/wp-content\/uploads\/2023\/11\/Mesilasvahast-kuunalde-komplekt-5-tk-2.png","datePublished":"2023-11-28T12:51:49+00:00","dateModified":"2024-04-02T06:43:14+00:00","description":"Beeswax candles, 5 pcs - enjoy slow moments on dark evenings, natural beeswax candles bring coziness and a honeyed nature scent to your home.","breadcrumb":{"@id":"https:\/\/aeglanehetk.ee\/en\/product\/beeswax-candles-5-pcs\/#breadcrumb"},"inLanguage":"en-US","potentialAction":[{"@type":"ReadAction","target":["https:\/\/aeglanehetk.ee\/en\/product\/beeswax-candles-5-pcs\/"]}]},{"@type":"ImageObject","inLanguage":"en-US","@id":"https:\/\/aeglanehetk.ee\/en\/product\/beeswax-candles-5-pcs\/#primaryimage","url":"https:\/\/aeglanehetk.ee\/wp-content\/uploads\/2023\/11\/Mesilasvahast-kuunalde-komplekt-5-tk-2.png","contentUrl":"https:\/\/aeglanehetk.ee\/wp-content\/uploads\/2023\/11\/Mesilasvahast-kuunalde-komplekt-5-tk-2.png","width":500,"height":500,"caption":"Mesilasvahast k\u00fc\u00fcnalde komplekt 5 tk"},{"@type":"BreadcrumbList","@id":"https:\/\/aeglanehetk.ee\/en\/product\/beeswax-candles-5-pcs\/#breadcrumb","itemListElement":[{"@type":"ListItem","position":1,"name":"Home","item":"https:\/\/aeglanehetk.ee\/en\/"},{"@type":"ListItem","position":2,"name":"Shop","item":"https:\/\/aeglanehetk.ee\/shop\/?lang=en"},{"@type":"ListItem","position":3,"name":"Beeswax candles, 5 pcs"}]},{"@type":"WebSite","@id":"https:\/\/aeglanehetk.ee\/en\/#website","url":"https:\/\/aeglanehetk.ee\/en\/","name":"Aeglane hetk","description":"Aeglane hetk v\u00e4\u00e4rtustab aeglust ja hetki","publisher":{"@id":"https:\/\/aeglanehetk.ee\/en\/#organization"},"potentialAction":[{"@type":"SearchAction","target":{"@type":"EntryPoint","urlTemplate":"https:\/\/aeglanehetk.ee\/en\/?s={search_term_string}"},"query-input":{"@type":"PropertyValueSpecification","valueRequired":true,"valueName":"search_term_string"}}],"inLanguage":"en-US"},{"@type":"Organization","@id":"https:\/\/aeglanehetk.ee\/en\/#organization","name":"Aeglane hetk","url":"https:\/\/aeglanehetk.ee\/en\/","logo":{"@type":"ImageObject","inLanguage":"en-US","@id":"https:\/\/aeglanehetk.ee\/en\/#\/schema\/logo\/image\/","url":"https:\/\/aeglanehetk.ee\/wp-content\/uploads\/2021\/05\/Aeglane-hetk-logo_versioon_1_veeb_465x300px.jpg","contentUrl":"https:\/\/aeglanehetk.ee\/wp-content\/uploads\/2021\/05\/Aeglane-hetk-logo_versioon_1_veeb_465x300px.jpg","width":465,"height":300,"caption":"Aeglane hetk"},"image":{"@id":"https:\/\/aeglanehetk.ee\/en\/#\/schema\/logo\/image\/"}}]}},"_links":{"self":[{"href":"https:\/\/aeglanehetk.ee\/en\/wp-json\/wp\/v2\/product\/1375","targetHints":{"allow":["GET"]}}],"collection":[{"href":"https:\/\/aeglanehetk.ee\/en\/wp-json\/wp\/v2\/product"}],"about":[{"href":"https:\/\/aeglanehetk.ee\/en\/wp-json\/wp\/v2\/types\/product"}],"wp:featuredmedia":[{"embeddable":true,"href":"https:\/\/aeglanehetk.ee\/en\/wp-json\/wp\/v2\/media\/2212"}],"wp:attachment":[{"href":"https:\/\/aeglanehetk.ee\/en\/wp-json\/wp\/v2\/media?parent=1375"}],"wp:term":[{"taxonomy":"product_brand","embeddable":true,"href":"https:\/\/aeglanehetk.ee\/en\/wp-json\/wp\/v2\/product_brand?post=1375"},{"taxonomy":"product_cat","embeddable":true,"href":"https:\/\/aeglanehetk.ee\/en\/wp-json\/wp\/v2\/product_cat?post=1375"},{"taxonomy":"product_tag","embeddable":true,"href":"https:\/\/aeglanehetk.ee\/en\/wp-json\/wp\/v2\/product_tag?post=1375"}],"curies":[{"name":"wp","href":"https:\/\/api.w.org\/{rel}","templated":true}]}}